{"id":9203,"date":"2024-01-10T16:48:15","date_gmt":"2024-01-10T15:48:15","guid":{"rendered":"https:\/\/www.gites-du-pecheur.com\/?page_id=9203"},"modified":"2024-01-23T09:39:40","modified_gmt":"2024-01-23T08:39:40","slug":"echec-de-votre-paiement","status":"publish","type":"page","link":"https:\/\/www.gites-du-pecheur.com\/fr\/echec-de-votre-paiement\/","title":{"rendered":"Echec de votre paiement"},"content":{"rendered":"\t\t<div data-elementor-type=\"wp-page\" data-elementor-id=\"9203\" class=\"elementor elementor-9203\">\n\t\t\t\t\t\t\t\t\t<section class=\"elementor-section elementor-top-section elementor-element elementor-element-cff2c69 elementor-section-height-min-height elementor-section-items-top elementor-section-content-top elementor-section-boxed elementor-section-height-default qodef-elementor-content-no\" data-id=\"cff2c69\" data-element_type=\"section\">\n\t\t\t\t\t\t<div class=\"elementor-container elementor-column-gap-default\">\n\t\t\t\t\t<div class=\"elementor-column elementor-col-100 elementor-top-column elementor-element elementor-element-eba37e8\" data-id=\"eba37e8\" data-element_type=\"column\">\n\t\t\t<div class=\"elementor-widget-wrap elementor-element-populated\">\n\t\t\t\t\t\t\t\t<div class=\"elementor-element elementor-element-cea0c78 elementor-widget elementor-widget-heading\" data-id=\"cea0c78\" data-element_type=\"widget\" data-widget_type=\"heading.default\">\n\t\t\t\t<div class=\"elementor-widget-container\">\n\t\t\t<h3 class=\"elementor-heading-title elementor-size-default\">Suite \u00e0 une erreur, le paiement de votre r\u00e9servation n'a pas \u00e9t\u00e9 enregistr\u00e9.<\/h3>\t\t<\/div>\n\t\t\t\t<\/div>\n\t\t\t\t<div class=\"elementor-element elementor-element-fb46d9a elementor-align-center elementor-widget elementor-widget-button\" data-id=\"fb46d9a\" data-element_type=\"widget\" data-widget_type=\"button.default\">\n\t\t\t\t<div class=\"elementor-widget-container\">\n\t\t\t\t\t<div class=\"elementor-button-wrapper\">\n\t\t\t<a class=\"elementor-button elementor-button-link elementor-size-sm\" href=\"https:\/\/www.gites-du-pecheur.com\/fr\/\">\n\t\t\t\t\t\t<span class=\"elementor-button-content-wrapper\">\n\t\t\t\t\t\t<span class=\"elementor-button-text\">Retour \u00e0 l'accueil<\/span>\n\t\t<\/span>\n\t\t\t\t\t<\/a>\n\t\t<\/div>\n\t\t\t\t<\/div>\n\t\t\t\t<\/div>\n\t\t\t\t\t<\/div>\n\t\t<\/div>\n\t\t\t\t\t\t\t<\/div>\n\t\t<\/section>\n\t\t\t\t\t\t\t<\/div>\n\t\t","protected":false},"excerpt":{"rendered":"<p>Suite \u00e0 une erreur, le paiement de votre r\u00e9servation n&rsquo;a pas \u00e9t\u00e9 enregistr\u00e9. Retour \u00e0 l&rsquo;accueil<\/p>\n","protected":false},"author":1,"featured_media":0,"parent":0,"menu_order":0,"comment_status":"closed","ping_status":"closed","template":"","meta":{"inline_featured_image":false,"footnotes":""},"class_list":["post-9203","page","type-page","status-publish","hentry"],"yoast_head":"<!-- This site is optimized with the Yoast SEO plugin v21.2 - https:\/\/yoast.com\/wordpress\/plugins\/seo\/ -->\n<title>Echec de votre paiement - Les g\u00eetes du p\u00eacheur<\/title>\n<meta name=\"robots\" content=\"index, follow, max-snippet:-1, max-image-preview:large, max-video-preview:-1\" \/>\n<link rel=\"canonical\" href=\"https:\/\/www.gites-du-pecheur.com\/fr\/echec-de-votre-paiement\/\" \/>\n<meta property=\"og:locale\" content=\"fr_FR\" \/>\n<meta property=\"og:type\" content=\"article\" \/>\n<meta property=\"og:title\" content=\"Echec de votre paiement - Les g\u00eetes du p\u00eacheur\" \/>\n<meta property=\"og:description\" content=\"Suite \u00e0 une erreur, le paiement de votre r\u00e9servation n&rsquo;a pas \u00e9t\u00e9 enregistr\u00e9. Retour \u00e0 l&rsquo;accueil\" \/>\n<meta property=\"og:url\" content=\"https:\/\/www.gites-du-pecheur.com\/fr\/echec-de-votre-paiement\/\" \/>\n<meta property=\"og:site_name\" content=\"Les g\u00eetes du p\u00eacheur\" \/>\n<meta property=\"article:publisher\" content=\"https:\/\/fr-fr.facebook.com\/lesgitesdupecheur\" \/>\n<meta property=\"article:modified_time\" content=\"2024-01-23T08:39:40+00:00\" \/>\n<meta name=\"twitter:card\" content=\"summary_large_image\" \/>\n<script type=\"application\/ld+json\" class=\"yoast-schema-graph\">{\"@context\":\"https:\/\/schema.org\",\"@graph\":[{\"@type\":\"WebPage\",\"@id\":\"https:\/\/www.gites-du-pecheur.com\/fr\/echec-de-votre-paiement\/\",\"url\":\"https:\/\/www.gites-du-pecheur.com\/fr\/echec-de-votre-paiement\/\",\"name\":\"Echec de votre paiement - Les g\u00eetes du p\u00eacheur\",\"isPartOf\":{\"@id\":\"https:\/\/www.gites-du-pecheur.com\/fr\/#website\"},\"datePublished\":\"2024-01-10T15:48:15+00:00\",\"dateModified\":\"2024-01-23T08:39:40+00:00\",\"breadcrumb\":{\"@id\":\"https:\/\/www.gites-du-pecheur.com\/fr\/echec-de-votre-paiement\/#breadcrumb\"},\"inLanguage\":\"fr-FR\",\"potentialAction\":[{\"@type\":\"ReadAction\",\"target\":[\"https:\/\/www.gites-du-pecheur.com\/fr\/echec-de-votre-paiement\/\"]}]},{\"@type\":\"BreadcrumbList\",\"@id\":\"https:\/\/www.gites-du-pecheur.com\/fr\/echec-de-votre-paiement\/#breadcrumb\",\"itemListElement\":[{\"@type\":\"ListItem\",\"position\":1,\"name\":\"Accueil\",\"item\":\"https:\/\/www.gites-du-pecheur.com\/fr\/\"},{\"@type\":\"ListItem\",\"position\":2,\"name\":\"Echec de votre paiement\"}]},{\"@type\":\"WebSite\",\"@id\":\"https:\/\/www.gites-du-pecheur.com\/fr\/#website\",\"url\":\"https:\/\/www.gites-du-pecheur.com\/fr\/\",\"name\":\"Les g\u00eetes du p\u00eacheur\",\"description\":\"Locations vacances \u2013 Erquy \u2013 Cap Fr\u00e9hel\",\"publisher\":{\"@id\":\"https:\/\/www.gites-du-pecheur.com\/fr\/#organization\"},\"potentialAction\":[{\"@type\":\"SearchAction\",\"target\":{\"@type\":\"EntryPoint\",\"urlTemplate\":\"https:\/\/www.gites-du-pecheur.com\/fr\/?s={search_term_string}\"},\"query-input\":\"required name=search_term_string\"}],\"inLanguage\":\"fr-FR\"},{\"@type\":\"Organization\",\"@id\":\"https:\/\/www.gites-du-pecheur.com\/fr\/#organization\",\"name\":\"G\u00eetes du p\u00eacheur\",\"url\":\"https:\/\/www.gites-du-pecheur.com\/fr\/\",\"logo\":{\"@type\":\"ImageObject\",\"inLanguage\":\"fr-FR\",\"@id\":\"https:\/\/www.gites-du-pecheur.com\/fr\/#\/schema\/logo\/image\/\",\"url\":\"https:\/\/www.gites-du-pecheur.com\/wp-content\/uploads\/2021\/05\/logo-gites-du-pecheur.svg\",\"contentUrl\":\"https:\/\/www.gites-du-pecheur.com\/wp-content\/uploads\/2021\/05\/logo-gites-du-pecheur.svg\",\"width\":1,\"height\":1,\"caption\":\"G\u00eetes du p\u00eacheur\"},\"image\":{\"@id\":\"https:\/\/www.gites-du-pecheur.com\/fr\/#\/schema\/logo\/image\/\"},\"sameAs\":[\"https:\/\/fr-fr.facebook.com\/lesgitesdupecheur\",\"https:\/\/www.instagram.com\/lesgitesdupecheur\/\"]}]}<\/script>\n<!-- \/ Yoast SEO plugin. -->","yoast_head_json":{"title":"Echec de votre paiement - Les g\u00eetes du p\u00eacheur","robots":{"index":"index","follow":"follow","max-snippet":"max-snippet:-1","max-image-preview":"max-image-preview:large","max-video-preview":"max-video-preview:-1"},"canonical":"https:\/\/www.gites-du-pecheur.com\/fr\/echec-de-votre-paiement\/","og_locale":"fr_FR","og_type":"article","og_title":"Echec de votre paiement - Les g\u00eetes du p\u00eacheur","og_description":"Suite \u00e0 une erreur, le paiement de votre r\u00e9servation n&rsquo;a pas \u00e9t\u00e9 enregistr\u00e9. Retour \u00e0 l&rsquo;accueil","og_url":"https:\/\/www.gites-du-pecheur.com\/fr\/echec-de-votre-paiement\/","og_site_name":"Les g\u00eetes du p\u00eacheur","article_publisher":"https:\/\/fr-fr.facebook.com\/lesgitesdupecheur","article_modified_time":"2024-01-23T08:39:40+00:00","twitter_card":"summary_large_image","schema":{"@context":"https:\/\/schema.org","@graph":[{"@type":"WebPage","@id":"https:\/\/www.gites-du-pecheur.com\/fr\/echec-de-votre-paiement\/","url":"https:\/\/www.gites-du-pecheur.com\/fr\/echec-de-votre-paiement\/","name":"Echec de votre paiement - Les g\u00eetes du p\u00eacheur","isPartOf":{"@id":"https:\/\/www.gites-du-pecheur.com\/fr\/#website"},"datePublished":"2024-01-10T15:48:15+00:00","dateModified":"2024-01-23T08:39:40+00:00","breadcrumb":{"@id":"https:\/\/www.gites-du-pecheur.com\/fr\/echec-de-votre-paiement\/#breadcrumb"},"inLanguage":"fr-FR","potentialAction":[{"@type":"ReadAction","target":["https:\/\/www.gites-du-pecheur.com\/fr\/echec-de-votre-paiement\/"]}]},{"@type":"BreadcrumbList","@id":"https:\/\/www.gites-du-pecheur.com\/fr\/echec-de-votre-paiement\/#breadcrumb","itemListElement":[{"@type":"ListItem","position":1,"name":"Accueil","item":"https:\/\/www.gites-du-pecheur.com\/fr\/"},{"@type":"ListItem","position":2,"name":"Echec de votre paiement"}]},{"@type":"WebSite","@id":"https:\/\/www.gites-du-pecheur.com\/fr\/#website","url":"https:\/\/www.gites-du-pecheur.com\/fr\/","name":"Les g\u00eetes du p\u00eacheur","description":"Locations vacances \u2013 Erquy \u2013 Cap Fr\u00e9hel","publisher":{"@id":"https:\/\/www.gites-du-pecheur.com\/fr\/#organization"},"potentialAction":[{"@type":"SearchAction","target":{"@type":"EntryPoint","urlTemplate":"https:\/\/www.gites-du-pecheur.com\/fr\/?s={search_term_string}"},"query-input":"required name=search_term_string"}],"inLanguage":"fr-FR"},{"@type":"Organization","@id":"https:\/\/www.gites-du-pecheur.com\/fr\/#organization","name":"G\u00eetes du p\u00eacheur","url":"https:\/\/www.gites-du-pecheur.com\/fr\/","logo":{"@type":"ImageObject","inLanguage":"fr-FR","@id":"https:\/\/www.gites-du-pecheur.com\/fr\/#\/schema\/logo\/image\/","url":"https:\/\/www.gites-du-pecheur.com\/wp-content\/uploads\/2021\/05\/logo-gites-du-pecheur.svg","contentUrl":"https:\/\/www.gites-du-pecheur.com\/wp-content\/uploads\/2021\/05\/logo-gites-du-pecheur.svg","width":1,"height":1,"caption":"G\u00eetes du p\u00eacheur"},"image":{"@id":"https:\/\/www.gites-du-pecheur.com\/fr\/#\/schema\/logo\/image\/"},"sameAs":["https:\/\/fr-fr.facebook.com\/lesgitesdupecheur","https:\/\/www.instagram.com\/lesgitesdupecheur\/"]}]}},"_links":{"self":[{"href":"https:\/\/www.gites-du-pecheur.com\/fr\/wp-json\/wp\/v2\/pages\/9203","targetHints":{"allow":["GET"]}}],"collection":[{"href":"https:\/\/www.gites-du-pecheur.com\/fr\/wp-json\/wp\/v2\/pages"}],"about":[{"href":"https:\/\/www.gites-du-pecheur.com\/fr\/wp-json\/wp\/v2\/types\/page"}],"author":[{"embeddable":true,"href":"https:\/\/www.gites-du-pecheur.com\/fr\/wp-json\/wp\/v2\/users\/1"}],"replies":[{"embeddable":true,"href":"https:\/\/www.gites-du-pecheur.com\/fr\/wp-json\/wp\/v2\/comments?post=9203"}],"version-history":[{"count":16,"href":"https:\/\/www.gites-du-pecheur.com\/fr\/wp-json\/wp\/v2\/pages\/9203\/revisions"}],"predecessor-version":[{"id":9221,"href":"https:\/\/www.gites-du-pecheur.com\/fr\/wp-json\/wp\/v2\/pages\/9203\/revisions\/9221"}],"wp:attachment":[{"href":"https:\/\/www.gites-du-pecheur.com\/fr\/wp-json\/wp\/v2\/media?parent=9203"}],"curies":[{"name":"wp","href":"https:\/\/api.w.org\/{rel}","templated":true}]}}