{"id":8074,"date":"2022-01-24T16:49:38","date_gmt":"2022-01-24T15:49:38","guid":{"rendered":"https:\/\/www.gites-du-pecheur.com\/?page_id=8074"},"modified":"2024-07-11T15:34:39","modified_gmt":"2024-07-11T13:34:39","slug":"mentions-legales","status":"publish","type":"page","link":"https:\/\/www.gites-du-pecheur.com\/fr\/mentions-legales\/","title":{"rendered":"Mentions l\u00e9gales"},"content":{"rendered":"\t\t<div data-elementor-type=\"wp-page\" data-elementor-id=\"8074\" class=\"elementor elementor-8074\">\n\t\t\t\t\t\t\t\t\t<section class=\"elementor-section elementor-top-section elementor-element elementor-element-6900b96e elementor-section-boxed elementor-section-height-default elementor-section-height-default qodef-elementor-content-no\" data-id=\"6900b96e\" data-element_type=\"section\">\n\t\t\t\t\t\t<div class=\"elementor-container elementor-column-gap-default\">\n\t\t\t\t\t<div class=\"elementor-column elementor-col-50 elementor-top-column elementor-element elementor-element-5839c75e\" data-id=\"5839c75e\" data-element_type=\"column\">\n\t\t\t<div class=\"elementor-widget-wrap elementor-element-populated\">\n\t\t\t\t\t\t\t\t<div class=\"elementor-element elementor-element-1f15c8d2 elementor-widget elementor-widget-text-editor\" data-id=\"1f15c8d2\" data-element_type=\"widget\" data-widget_type=\"text-editor.default\">\n\t\t\t\t<div class=\"elementor-widget-container\">\n\t\t\t\t\t\t\t<p><span class=\"qodef-h3\" style=\"color: #005a8c;\"><strong>Edition du site internet<\/strong><\/span><\/p>\n<p><strong>Les G\u00eetes du P\u00eacheur<br><\/strong>Siret : 42319085900037<\/p>\n<p>Rue Saint-Michel<br>22430 ERQUY<br>T\u00e9l : <a href=\"tel:0296330558\">02 96 33 05 58<\/a> ou <a href=\"tel:0607142966\">06 07 14 29 66<\/a><\/p>\n<p><span class=\"qodef-h3\" style=\"color: #005a8c;\"><strong>Direction de la publication<\/strong><\/span><\/p>\n<p>Madame Fran\u00e7oise Rouxel<\/p>\n<p><span class=\"qodef-h3\" style=\"color: #005a8c;\"><strong>Contact<\/strong><\/span><\/p>\n<p>Ecrire \u00e0 l\u2019administrateur :&nbsp;<a href=\"mailto:contact@gitesdupecheur.com\">contact@gitesdupecheur.com<\/a><\/p>\n<p><span class=\"qodef-h3\" style=\"color: #005a8c;\"><strong>Respect de la vie priv\u00e9e<\/strong><\/span><\/p>\n<p>Consultez notre politique de confidentialit\u00e9 en&nbsp;<strong>cliquant ici<\/strong>.<\/p><p style=\"background-color: rgb(255, 255, 255);\"><span style=\"color: rgb(0, 90, 140);\"><span style=\"font-weight: bolder;\">Cr\u00e9ation et maintenance<\/span><\/span><\/p><p style=\"background-color: rgb(255, 255, 255);\"><a href=\"https:\/\/www.acantic.com\/\" target=\"_blank\" rel=\"noopener\">Acantic<\/a><br>5\/7 rue houvenagle &#8211; 22000 Saint-Brieuc &#8211; 02 96 77 28 03<span style=\"font-weight: bolder;\">&nbsp;<\/span><\/p><p style=\"background-color: rgb(255, 255, 255);\"><span style=\"color: rgb(0, 90, 140);\"><span style=\"font-weight: bolder;\">Cr\u00e9dits photos<\/span><\/span><\/p><p style=\"background-color: rgb(255, 255, 255);\">Les G\u00eetes du P\u00eacheur \u2013 CRT Bretagne &#8211; DR<span style=\"font-weight: bolder;\">&nbsp;<\/span><\/p><p style=\"background-color: rgb(255, 255, 255);\"><span style=\"font-weight: bolder;\"><span style=\"color: rgb(0, 90, 140);\">H\u00e9bergement<\/span><\/span><\/p><p style=\"background-color: rgb(255, 255, 255);\">OVH<br>2, rue Kellermann 59100 Roubaix<\/p>\t\t\t\t\t\t<\/div>\n\t\t\t\t<\/div>\n\t\t\t\t\t<\/div>\n\t\t<\/div>\n\t\t\t\t<div class=\"elementor-column elementor-col-50 elementor-top-column elementor-element elementor-element-8817bf4\" data-id=\"8817bf4\" data-element_type=\"column\">\n\t\t\t<div class=\"elementor-widget-wrap elementor-element-populated\">\n\t\t\t\t\t\t\t\t<div class=\"elementor-element elementor-element-c7f8f0f elementor-widget elementor-widget-text-editor\" data-id=\"c7f8f0f\" data-element_type=\"widget\" data-widget_type=\"text-editor.default\">\n\t\t\t\t<div class=\"elementor-widget-container\">\n\t\t\t\t\t\t\t<p><strong style=\"color: #005a8c;\">Illustrations, photographies, contenu r\u00e9dactionnel<\/strong><\/p><p>Les photographies, illustrations et contenu r\u00e9dactionnel utilis\u00e9s sur ce site internet sont la propri\u00e9t\u00e9 des G\u00eetes du P\u00eacheur. Vous n\u2019\u00eates donc pas autoris\u00e9s \u00e0 en utiliser le contenu sous quelque forme que ce soit, sans un accord pr\u00e9alable de son propri\u00e9taire.<\/p><p><span style=\"color: #005a8c;\"><strong>Responsabilit\u00e9<\/strong><\/span><\/p><p>Les sites reli\u00e9s directement ou indirectement au pr\u00e9sent site des G\u00eetes du P\u00eacheur, ne sont pas sous leur\u00a0contr\u00f4le. En cons\u00e9quence, Les G\u00eetes du P\u00eacheur \u00a0d\u00e9clinent \u00a0toute responsabilit\u00e9 quant aux \u00a0informations publi\u00e9es sur ces sites. Le contenu des sites li\u00e9s au pr\u00e9sent site des G\u00eetes du P\u00eacheur n\u2019engage que leurs propri\u00e9taires.<\/p><p style=\"background-color: #ffffff;\"><span style=\"color: #005a8c;\"><span style=\"font-weight: bolder;\">Litige- M\u00e9diation de la consommation<\/span><\/span><\/p><p style=\"background-color: #ffffff;\"><span style=\"color: #000000;\">En cas de litige entre le Client et l\u2019entreprise, ceux-ci s\u2019efforceront de le r\u00e9soudre \u00e0 l\u2019amiable (le Client adressera une r\u00e9clamation \u00e9crite aupr\u00e8s du professionnel ou, le cas \u00e9ch\u00e9ant, aupr\u00e8s du Service Relations Client\u00e8le du professionnel).<\/span><br \/><span style=\"color: #000000;\">A d\u00e9faut d\u2019accord amiable ou en l\u2019absence de r\u00e9ponse du professionnel dans un d\u00e9lai raisonnable d\u2019un (1) mois, le Client consommateur au sens de l\u2019article L.133-4 du code de la consommation\u00a0a la possibilit\u00e9 de saisir gratuitement, si un d\u00e9saccord subsiste, le m\u00e9diateur comp\u00e9tent inscrit sur la liste des m\u00e9diateurs \u00e9tablie par la Commission d\u2019\u00e9valuation et de contr\u00f4le de la m\u00e9diation de la consommation en application de l\u2019article L.615-1 du code de la consommation, \u00e0 savoir :<\/span><br \/><span style=\"color: #000000;\">La Soci\u00e9t\u00e9 M\u00e9diation Professionnelle<\/span><br \/><span style=\"color: #000000;\"><a style=\"color: #000000;\" href=\"http:\/\/www.mediateur-consommation-smp.fr\/\">www.mediateur-consommation-smp.fr<\/a><\/span><br \/><span style=\"color: #000000;\">24 rue Albert de Mun \u2013 33000 Bordeaux<\/span><\/p>\t\t\t\t\t\t<\/div>\n\t\t\t\t<\/div>\n\t\t\t\t\t<\/div>\n\t\t<\/div>\n\t\t\t\t\t\t\t<\/div>\n\t\t<\/section>\n\t\t\t\t\t\t\t<\/div>\n\t\t","protected":false},"excerpt":{"rendered":"<p>Edition du site internet Les G\u00eetes du P\u00eacheurSiret : 42319085900037 Rue Saint-Michel22430 ERQUYT\u00e9l : 02 96 33 05 58 ou 06 07 14 29 66 Direction de la publication Madame Fran\u00e7oise Rouxel Contact Ecrire \u00e0 l\u2019administrateur :&nbsp;contact@gitesdupecheur.com Respect de la vie priv\u00e9e Consultez notre politique de confidentialit\u00e9 en&nbsp;cliquant ici. Cr\u00e9ation et maintenance Acantic5\/7 rue houvenagle [&hellip;]<\/p>\n","protected":false},"author":1,"featured_media":0,"parent":0,"menu_order":0,"comment_status":"closed","ping_status":"closed","template":"","meta":{"inline_featured_image":false,"footnotes":""},"class_list":["post-8074","page","type-page","status-publish","hentry"],"yoast_head":"<!-- This site is optimized with the Yoast SEO plugin v21.2 - https:\/\/yoast.com\/wordpress\/plugins\/seo\/ -->\n<title>Mentions l\u00e9gales - Les g\u00eetes du p\u00eacheur<\/title>\n<meta name=\"robots\" content=\"index, follow, max-snippet:-1, max-image-preview:large, max-video-preview:-1\" \/>\n<link rel=\"canonical\" href=\"https:\/\/www.gites-du-pecheur.com\/fr\/mentions-legales\/\" \/>\n<meta property=\"og:locale\" content=\"fr_FR\" \/>\n<meta property=\"og:type\" content=\"article\" \/>\n<meta property=\"og:title\" content=\"Mentions l\u00e9gales - Les g\u00eetes du p\u00eacheur\" \/>\n<meta property=\"og:description\" content=\"Edition du site internet Les G\u00eetes du P\u00eacheurSiret : 42319085900037 Rue Saint-Michel22430 ERQUYT\u00e9l : 02 96 33 05 58 ou 06 07 14 29 66 Direction de la publication Madame Fran\u00e7oise Rouxel Contact Ecrire \u00e0 l\u2019administrateur :&nbsp;contact@gitesdupecheur.com Respect de la vie priv\u00e9e Consultez notre politique de confidentialit\u00e9 en&nbsp;cliquant ici. Cr\u00e9ation et maintenance Acantic5\/7 rue houvenagle [&hellip;]\" \/>\n<meta property=\"og:url\" content=\"https:\/\/www.gites-du-pecheur.com\/fr\/mentions-legales\/\" \/>\n<meta property=\"og:site_name\" content=\"Les g\u00eetes du p\u00eacheur\" \/>\n<meta property=\"article:publisher\" content=\"https:\/\/fr-fr.facebook.com\/lesgitesdupecheur\" \/>\n<meta property=\"article:modified_time\" content=\"2024-07-11T13:34:39+00:00\" \/>\n<meta name=\"twitter:card\" content=\"summary_large_image\" \/>\n<script type=\"application\/ld+json\" class=\"yoast-schema-graph\">{\"@context\":\"https:\/\/schema.org\",\"@graph\":[{\"@type\":\"WebPage\",\"@id\":\"https:\/\/www.gites-du-pecheur.com\/fr\/mentions-legales\/\",\"url\":\"https:\/\/www.gites-du-pecheur.com\/fr\/mentions-legales\/\",\"name\":\"Mentions l\u00e9gales - Les g\u00eetes du p\u00eacheur\",\"isPartOf\":{\"@id\":\"https:\/\/www.gites-du-pecheur.com\/fr\/#website\"},\"datePublished\":\"2022-01-24T15:49:38+00:00\",\"dateModified\":\"2024-07-11T13:34:39+00:00\",\"breadcrumb\":{\"@id\":\"https:\/\/www.gites-du-pecheur.com\/fr\/mentions-legales\/#breadcrumb\"},\"inLanguage\":\"fr-FR\",\"potentialAction\":[{\"@type\":\"ReadAction\",\"target\":[\"https:\/\/www.gites-du-pecheur.com\/fr\/mentions-legales\/\"]}]},{\"@type\":\"BreadcrumbList\",\"@id\":\"https:\/\/www.gites-du-pecheur.com\/fr\/mentions-legales\/#breadcrumb\",\"itemListElement\":[{\"@type\":\"ListItem\",\"position\":1,\"name\":\"Accueil\",\"item\":\"https:\/\/www.gites-du-pecheur.com\/fr\/\"},{\"@type\":\"ListItem\",\"position\":2,\"name\":\"Mentions l\u00e9gales\"}]},{\"@type\":\"WebSite\",\"@id\":\"https:\/\/www.gites-du-pecheur.com\/fr\/#website\",\"url\":\"https:\/\/www.gites-du-pecheur.com\/fr\/\",\"name\":\"Les g\u00eetes du p\u00eacheur\",\"description\":\"Locations vacances \u2013 Erquy \u2013 Cap Fr\u00e9hel\",\"publisher\":{\"@id\":\"https:\/\/www.gites-du-pecheur.com\/fr\/#organization\"},\"potentialAction\":[{\"@type\":\"SearchAction\",\"target\":{\"@type\":\"EntryPoint\",\"urlTemplate\":\"https:\/\/www.gites-du-pecheur.com\/fr\/?s={search_term_string}\"},\"query-input\":\"required name=search_term_string\"}],\"inLanguage\":\"fr-FR\"},{\"@type\":\"Organization\",\"@id\":\"https:\/\/www.gites-du-pecheur.com\/fr\/#organization\",\"name\":\"G\u00eetes du p\u00eacheur\",\"url\":\"https:\/\/www.gites-du-pecheur.com\/fr\/\",\"logo\":{\"@type\":\"ImageObject\",\"inLanguage\":\"fr-FR\",\"@id\":\"https:\/\/www.gites-du-pecheur.com\/fr\/#\/schema\/logo\/image\/\",\"url\":\"https:\/\/www.gites-du-pecheur.com\/wp-content\/uploads\/2021\/05\/logo-gites-du-pecheur.svg\",\"contentUrl\":\"https:\/\/www.gites-du-pecheur.com\/wp-content\/uploads\/2021\/05\/logo-gites-du-pecheur.svg\",\"width\":1,\"height\":1,\"caption\":\"G\u00eetes du p\u00eacheur\"},\"image\":{\"@id\":\"https:\/\/www.gites-du-pecheur.com\/fr\/#\/schema\/logo\/image\/\"},\"sameAs\":[\"https:\/\/fr-fr.facebook.com\/lesgitesdupecheur\",\"https:\/\/www.instagram.com\/lesgitesdupecheur\/\"]}]}<\/script>\n<!-- \/ Yoast SEO plugin. -->","yoast_head_json":{"title":"Mentions l\u00e9gales - Les g\u00eetes du p\u00eacheur","robots":{"index":"index","follow":"follow","max-snippet":"max-snippet:-1","max-image-preview":"max-image-preview:large","max-video-preview":"max-video-preview:-1"},"canonical":"https:\/\/www.gites-du-pecheur.com\/fr\/mentions-legales\/","og_locale":"fr_FR","og_type":"article","og_title":"Mentions l\u00e9gales - Les g\u00eetes du p\u00eacheur","og_description":"Edition du site internet Les G\u00eetes du P\u00eacheurSiret : 42319085900037 Rue Saint-Michel22430 ERQUYT\u00e9l : 02 96 33 05 58 ou 06 07 14 29 66 Direction de la publication Madame Fran\u00e7oise Rouxel Contact Ecrire \u00e0 l\u2019administrateur :&nbsp;contact@gitesdupecheur.com Respect de la vie priv\u00e9e Consultez notre politique de confidentialit\u00e9 en&nbsp;cliquant ici. Cr\u00e9ation et maintenance Acantic5\/7 rue houvenagle [&hellip;]","og_url":"https:\/\/www.gites-du-pecheur.com\/fr\/mentions-legales\/","og_site_name":"Les g\u00eetes du p\u00eacheur","article_publisher":"https:\/\/fr-fr.facebook.com\/lesgitesdupecheur","article_modified_time":"2024-07-11T13:34:39+00:00","twitter_card":"summary_large_image","schema":{"@context":"https:\/\/schema.org","@graph":[{"@type":"WebPage","@id":"https:\/\/www.gites-du-pecheur.com\/fr\/mentions-legales\/","url":"https:\/\/www.gites-du-pecheur.com\/fr\/mentions-legales\/","name":"Mentions l\u00e9gales - Les g\u00eetes du p\u00eacheur","isPartOf":{"@id":"https:\/\/www.gites-du-pecheur.com\/fr\/#website"},"datePublished":"2022-01-24T15:49:38+00:00","dateModified":"2024-07-11T13:34:39+00:00","breadcrumb":{"@id":"https:\/\/www.gites-du-pecheur.com\/fr\/mentions-legales\/#breadcrumb"},"inLanguage":"fr-FR","potentialAction":[{"@type":"ReadAction","target":["https:\/\/www.gites-du-pecheur.com\/fr\/mentions-legales\/"]}]},{"@type":"BreadcrumbList","@id":"https:\/\/www.gites-du-pecheur.com\/fr\/mentions-legales\/#breadcrumb","itemListElement":[{"@type":"ListItem","position":1,"name":"Accueil","item":"https:\/\/www.gites-du-pecheur.com\/fr\/"},{"@type":"ListItem","position":2,"name":"Mentions l\u00e9gales"}]},{"@type":"WebSite","@id":"https:\/\/www.gites-du-pecheur.com\/fr\/#website","url":"https:\/\/www.gites-du-pecheur.com\/fr\/","name":"Les g\u00eetes du p\u00eacheur","description":"Locations vacances \u2013 Erquy \u2013 Cap Fr\u00e9hel","publisher":{"@id":"https:\/\/www.gites-du-pecheur.com\/fr\/#organization"},"potentialAction":[{"@type":"SearchAction","target":{"@type":"EntryPoint","urlTemplate":"https:\/\/www.gites-du-pecheur.com\/fr\/?s={search_term_string}"},"query-input":"required name=search_term_string"}],"inLanguage":"fr-FR"},{"@type":"Organization","@id":"https:\/\/www.gites-du-pecheur.com\/fr\/#organization","name":"G\u00eetes du p\u00eacheur","url":"https:\/\/www.gites-du-pecheur.com\/fr\/","logo":{"@type":"ImageObject","inLanguage":"fr-FR","@id":"https:\/\/www.gites-du-pecheur.com\/fr\/#\/schema\/logo\/image\/","url":"https:\/\/www.gites-du-pecheur.com\/wp-content\/uploads\/2021\/05\/logo-gites-du-pecheur.svg","contentUrl":"https:\/\/www.gites-du-pecheur.com\/wp-content\/uploads\/2021\/05\/logo-gites-du-pecheur.svg","width":1,"height":1,"caption":"G\u00eetes du p\u00eacheur"},"image":{"@id":"https:\/\/www.gites-du-pecheur.com\/fr\/#\/schema\/logo\/image\/"},"sameAs":["https:\/\/fr-fr.facebook.com\/lesgitesdupecheur","https:\/\/www.instagram.com\/lesgitesdupecheur\/"]}]}},"_links":{"self":[{"href":"https:\/\/www.gites-du-pecheur.com\/fr\/wp-json\/wp\/v2\/pages\/8074","targetHints":{"allow":["GET"]}}],"collection":[{"href":"https:\/\/www.gites-du-pecheur.com\/fr\/wp-json\/wp\/v2\/pages"}],"about":[{"href":"https:\/\/www.gites-du-pecheur.com\/fr\/wp-json\/wp\/v2\/types\/page"}],"author":[{"embeddable":true,"href":"https:\/\/www.gites-du-pecheur.com\/fr\/wp-json\/wp\/v2\/users\/1"}],"replies":[{"embeddable":true,"href":"https:\/\/www.gites-du-pecheur.com\/fr\/wp-json\/wp\/v2\/comments?post=8074"}],"version-history":[{"count":36,"href":"https:\/\/www.gites-du-pecheur.com\/fr\/wp-json\/wp\/v2\/pages\/8074\/revisions"}],"predecessor-version":[{"id":9477,"href":"https:\/\/www.gites-du-pecheur.com\/fr\/wp-json\/wp\/v2\/pages\/8074\/revisions\/9477"}],"wp:attachment":[{"href":"https:\/\/www.gites-du-pecheur.com\/fr\/wp-json\/wp\/v2\/media?parent=8074"}],"curies":[{"name":"wp","href":"https:\/\/api.w.org\/{rel}","templated":true}]}}