{"id":8051,"date":"2021-12-30T17:25:30","date_gmt":"2021-12-30T16:25:30","guid":{"rendered":"https:\/\/www.gites-du-pecheur.com\/?page_id=8051"},"modified":"2021-12-31T09:53:54","modified_gmt":"2021-12-31T08:53:54","slug":"pour-vous-accueillir-en-toute-securite","status":"publish","type":"page","link":"https:\/\/www.gites-du-pecheur.com\/fr\/pour-vous-accueillir-en-toute-securite\/","title":{"rendered":"Pour vous accueillir en toute s\u00e9curit\u00e9"},"content":{"rendered":"\t\t<div data-elementor-type=\"wp-page\" data-elementor-id=\"8051\" class=\"elementor elementor-8051\">\n\t\t\t\t\t\t\t\t\t<section class=\"elementor-section elementor-top-section elementor-element elementor-element-6900b96e elementor-section-boxed elementor-section-height-default elementor-section-height-default qodef-elementor-content-no\" data-id=\"6900b96e\" data-element_type=\"section\">\n\t\t\t\t\t\t<div class=\"elementor-container elementor-column-gap-default\">\n\t\t\t\t\t<div class=\"elementor-column elementor-col-100 elementor-top-column elementor-element elementor-element-5839c75e\" data-id=\"5839c75e\" data-element_type=\"column\">\n\t\t\t<div class=\"elementor-widget-wrap elementor-element-populated\">\n\t\t\t\t\t\t\t\t<div class=\"elementor-element elementor-element-1f15c8d2 elementor-widget elementor-widget-text-editor\" data-id=\"1f15c8d2\" data-element_type=\"widget\" data-widget_type=\"text-editor.default\">\n\t\t\t\t<div class=\"elementor-widget-container\">\n\t\t\t\t\t\t\t<p>L&rsquo;ensemble de nos services et \u00e9quipements sont ouverts et \u00e0 disposition dans le respect des gestes barri\u00e8res.<\/p><p>Nous vous remercions de votre compr\u00e9hension dans ce contexte si particulier.<\/p><h2><span style=\"color: #005a8c;\">Le pass sanitaire avec vous !<\/span><\/h2><p>Depuis cet \u00e9t\u00e9, notre \u00e9tablissement est concern\u00e9 par la mise en place du pass sanitaire.<\/p><p>Il vous sera demand\u00e9 d\u00e8s votre arriv\u00e9e, ce qui vous permettra d&rsquo;acc\u00e9der \u00e0 votre g\u00eete et \u00e0 toutes les infrastructures durant votre s\u00e9jour.<\/p><p>Le \u00ab pass sanitaire \u00bb consiste en la pr\u00e9sentation, num\u00e9rique (via l\u2019application TousAntiCovid) ou papier, d\u2019une preuve sanitaire :<\/p><p><span style=\"color: #e4992f;\"><strong>1. La vaccination, \u00e0 la condition que les personnes disposent d&rsquo;un sch\u00e9ma vaccinal complet et du d\u00e9lai n\u00e9cessaire apr\u00e8s l\u2019injection finale<\/strong><\/span><\/p><p><span style=\"color: #e4992f;\"><strong>2. La preuve d&rsquo;un test n\u00e9gatif de moins de 72h<\/strong><\/span><\/p><p><span style=\"color: #e4992f;\"><strong>3. Le r\u00e9sultat d&rsquo;un test RT-PCR ou antig\u00e9nique positif attestant du r\u00e9tablissement de la Covid-19, datant d&rsquo;au moins 11 jours et de moins de 6 mois.<\/strong><\/span><\/p><p>\u00a0<\/p><p>Pour plus de renseignements, consultez <a href=\"https:\/\/www.gouvernement.fr\/info-coronavirus\/pass-sanitaire\">ici<\/a> la page officielle du gouvernement.<\/p><p>\u00a0<\/p><p>Nos logements sont \u00e9quip\u00e9s :<\/p><ul><li>de produits d\u00e9sinfectants<\/li><li>\u00a0d&rsquo;al\u00e8ses jetables \u00e0 usage unique<\/li><li>de taies d&rsquo;oreiller jetables \u00e0 usage unique<\/li><li>de linge de lit nettoy\u00e9 en blanchisserie<\/li><\/ul><p>Les logements sont a\u00e9r\u00e9s entre chaque d\u00e9part et arriv\u00e9e, le m\u00e9nage est renforc\u00e9 et tous les points de contact sont d\u00e9sinfect\u00e9s.<\/p><p>\u00a0<\/p><p>\u00a0<\/p><p><b><span style=\"color: #005a8c;\">Vous souhaitez planifier votre s\u00e9jour en toute s\u00e9r\u00e9nit\u00e9<\/span> :<\/b> nos conditions d\u2019annulations sont assouplies en raison de la Covid.<\/p><p><strong><br \/><span style=\"color: #005a8c;\">Pour les s\u00e9jours :<\/span><\/strong><\/p><ul><li>Si vous annulez votre s\u00e9jour, cause Covid, nous vous rembourserons int\u00e9gralement votre s\u00e9jour sur pr\u00e9sentation d&rsquo;un justificatif<\/li><li>Si vous annulez votre s\u00e9jour pour cause de nouvelles mesures gouvernementales vous emp\u00eachant de venir s\u00e9journer chez nous, nous vous remboursons int\u00e9gralement votre s\u00e9jour.<\/li><\/ul><p><span style=\"color: #005a8c;\"><b>Notre restons \u00e0 votre \u00e9coute <\/b><\/span>pour r\u00e9pondre \u00e0 vos questions et organiser vos prochaines r\u00e9servations par email sur <a href=\"mailto:contact@gitesdupecheur.com\">contact@gitesdupecheur.com<\/a> ou au 06.07.14.29.66<\/p>\t\t\t\t\t\t<\/div>\n\t\t\t\t<\/div>\n\t\t\t\t\t<\/div>\n\t\t<\/div>\n\t\t\t\t\t\t\t<\/div>\n\t\t<\/section>\n\t\t\t\t\t\t\t<\/div>\n\t\t","protected":false},"excerpt":{"rendered":"<p>L&rsquo;ensemble de nos services et \u00e9quipements sont ouverts et \u00e0 disposition dans le respect des gestes barri\u00e8res. Nous vous remercions de votre compr\u00e9hension dans ce contexte si particulier. Le pass sanitaire avec vous ! Depuis cet \u00e9t\u00e9, notre \u00e9tablissement est concern\u00e9 par la mise en place du pass sanitaire. Il vous sera demand\u00e9 d\u00e8s votre [&hellip;]<\/p>\n","protected":false},"author":2,"featured_media":0,"parent":0,"menu_order":0,"comment_status":"closed","ping_status":"closed","template":"","meta":{"inline_featured_image":false,"footnotes":""},"class_list":["post-8051","page","type-page","status-publish","hentry"],"yoast_head":"<!-- This site is optimized with the Yoast SEO plugin v21.2 - https:\/\/yoast.com\/wordpress\/plugins\/seo\/ -->\n<title>Pour vous accueillir en toute s\u00e9curit\u00e9 - Les g\u00eetes du p\u00eacheur<\/title>\n<meta name=\"robots\" content=\"index, follow, max-snippet:-1, max-image-preview:large, max-video-preview:-1\" \/>\n<link rel=\"canonical\" href=\"https:\/\/www.gites-du-pecheur.com\/fr\/pour-vous-accueillir-en-toute-securite\/\" \/>\n<meta property=\"og:locale\" content=\"fr_FR\" \/>\n<meta property=\"og:type\" content=\"article\" \/>\n<meta property=\"og:title\" content=\"Pour vous accueillir en toute s\u00e9curit\u00e9 - Les g\u00eetes du p\u00eacheur\" \/>\n<meta property=\"og:description\" content=\"L&rsquo;ensemble de nos services et \u00e9quipements sont ouverts et \u00e0 disposition dans le respect des gestes barri\u00e8res. Nous vous remercions de votre compr\u00e9hension dans ce contexte si particulier. Le pass sanitaire avec vous ! Depuis cet \u00e9t\u00e9, notre \u00e9tablissement est concern\u00e9 par la mise en place du pass sanitaire. Il vous sera demand\u00e9 d\u00e8s votre [&hellip;]\" \/>\n<meta property=\"og:url\" content=\"https:\/\/www.gites-du-pecheur.com\/fr\/pour-vous-accueillir-en-toute-securite\/\" \/>\n<meta property=\"og:site_name\" content=\"Les g\u00eetes du p\u00eacheur\" \/>\n<meta property=\"article:publisher\" content=\"https:\/\/fr-fr.facebook.com\/lesgitesdupecheur\" \/>\n<meta property=\"article:modified_time\" content=\"2021-12-31T08:53:54+00:00\" \/>\n<meta name=\"twitter:card\" content=\"summary_large_image\" \/>\n<script type=\"application\/ld+json\" class=\"yoast-schema-graph\">{\"@context\":\"https:\/\/schema.org\",\"@graph\":[{\"@type\":\"WebPage\",\"@id\":\"https:\/\/www.gites-du-pecheur.com\/fr\/pour-vous-accueillir-en-toute-securite\/\",\"url\":\"https:\/\/www.gites-du-pecheur.com\/fr\/pour-vous-accueillir-en-toute-securite\/\",\"name\":\"Pour vous accueillir en toute s\u00e9curit\u00e9 - Les g\u00eetes du p\u00eacheur\",\"isPartOf\":{\"@id\":\"https:\/\/www.gites-du-pecheur.com\/fr\/#website\"},\"datePublished\":\"2021-12-30T16:25:30+00:00\",\"dateModified\":\"2021-12-31T08:53:54+00:00\",\"breadcrumb\":{\"@id\":\"https:\/\/www.gites-du-pecheur.com\/fr\/pour-vous-accueillir-en-toute-securite\/#breadcrumb\"},\"inLanguage\":\"fr-FR\",\"potentialAction\":[{\"@type\":\"ReadAction\",\"target\":[\"https:\/\/www.gites-du-pecheur.com\/fr\/pour-vous-accueillir-en-toute-securite\/\"]}]},{\"@type\":\"BreadcrumbList\",\"@id\":\"https:\/\/www.gites-du-pecheur.com\/fr\/pour-vous-accueillir-en-toute-securite\/#breadcrumb\",\"itemListElement\":[{\"@type\":\"ListItem\",\"position\":1,\"name\":\"Accueil\",\"item\":\"https:\/\/www.gites-du-pecheur.com\/fr\/\"},{\"@type\":\"ListItem\",\"position\":2,\"name\":\"Pour vous accueillir en toute s\u00e9curit\u00e9\"}]},{\"@type\":\"WebSite\",\"@id\":\"https:\/\/www.gites-du-pecheur.com\/fr\/#website\",\"url\":\"https:\/\/www.gites-du-pecheur.com\/fr\/\",\"name\":\"Les g\u00eetes du p\u00eacheur\",\"description\":\"Locations vacances \u2013 Erquy \u2013 Cap Fr\u00e9hel\",\"publisher\":{\"@id\":\"https:\/\/www.gites-du-pecheur.com\/fr\/#organization\"},\"potentialAction\":[{\"@type\":\"SearchAction\",\"target\":{\"@type\":\"EntryPoint\",\"urlTemplate\":\"https:\/\/www.gites-du-pecheur.com\/fr\/?s={search_term_string}\"},\"query-input\":\"required name=search_term_string\"}],\"inLanguage\":\"fr-FR\"},{\"@type\":\"Organization\",\"@id\":\"https:\/\/www.gites-du-pecheur.com\/fr\/#organization\",\"name\":\"G\u00eetes du p\u00eacheur\",\"url\":\"https:\/\/www.gites-du-pecheur.com\/fr\/\",\"logo\":{\"@type\":\"ImageObject\",\"inLanguage\":\"fr-FR\",\"@id\":\"https:\/\/www.gites-du-pecheur.com\/fr\/#\/schema\/logo\/image\/\",\"url\":\"https:\/\/www.gites-du-pecheur.com\/wp-content\/uploads\/2021\/05\/logo-gites-du-pecheur.svg\",\"contentUrl\":\"https:\/\/www.gites-du-pecheur.com\/wp-content\/uploads\/2021\/05\/logo-gites-du-pecheur.svg\",\"width\":1,\"height\":1,\"caption\":\"G\u00eetes du p\u00eacheur\"},\"image\":{\"@id\":\"https:\/\/www.gites-du-pecheur.com\/fr\/#\/schema\/logo\/image\/\"},\"sameAs\":[\"https:\/\/fr-fr.facebook.com\/lesgitesdupecheur\",\"https:\/\/www.instagram.com\/lesgitesdupecheur\/\"]}]}<\/script>\n<!-- \/ Yoast SEO plugin. -->","yoast_head_json":{"title":"Pour vous accueillir en toute s\u00e9curit\u00e9 - Les g\u00eetes du p\u00eacheur","robots":{"index":"index","follow":"follow","max-snippet":"max-snippet:-1","max-image-preview":"max-image-preview:large","max-video-preview":"max-video-preview:-1"},"canonical":"https:\/\/www.gites-du-pecheur.com\/fr\/pour-vous-accueillir-en-toute-securite\/","og_locale":"fr_FR","og_type":"article","og_title":"Pour vous accueillir en toute s\u00e9curit\u00e9 - Les g\u00eetes du p\u00eacheur","og_description":"L&rsquo;ensemble de nos services et \u00e9quipements sont ouverts et \u00e0 disposition dans le respect des gestes barri\u00e8res. Nous vous remercions de votre compr\u00e9hension dans ce contexte si particulier. Le pass sanitaire avec vous ! Depuis cet \u00e9t\u00e9, notre \u00e9tablissement est concern\u00e9 par la mise en place du pass sanitaire. Il vous sera demand\u00e9 d\u00e8s votre [&hellip;]","og_url":"https:\/\/www.gites-du-pecheur.com\/fr\/pour-vous-accueillir-en-toute-securite\/","og_site_name":"Les g\u00eetes du p\u00eacheur","article_publisher":"https:\/\/fr-fr.facebook.com\/lesgitesdupecheur","article_modified_time":"2021-12-31T08:53:54+00:00","twitter_card":"summary_large_image","schema":{"@context":"https:\/\/schema.org","@graph":[{"@type":"WebPage","@id":"https:\/\/www.gites-du-pecheur.com\/fr\/pour-vous-accueillir-en-toute-securite\/","url":"https:\/\/www.gites-du-pecheur.com\/fr\/pour-vous-accueillir-en-toute-securite\/","name":"Pour vous accueillir en toute s\u00e9curit\u00e9 - Les g\u00eetes du p\u00eacheur","isPartOf":{"@id":"https:\/\/www.gites-du-pecheur.com\/fr\/#website"},"datePublished":"2021-12-30T16:25:30+00:00","dateModified":"2021-12-31T08:53:54+00:00","breadcrumb":{"@id":"https:\/\/www.gites-du-pecheur.com\/fr\/pour-vous-accueillir-en-toute-securite\/#breadcrumb"},"inLanguage":"fr-FR","potentialAction":[{"@type":"ReadAction","target":["https:\/\/www.gites-du-pecheur.com\/fr\/pour-vous-accueillir-en-toute-securite\/"]}]},{"@type":"BreadcrumbList","@id":"https:\/\/www.gites-du-pecheur.com\/fr\/pour-vous-accueillir-en-toute-securite\/#breadcrumb","itemListElement":[{"@type":"ListItem","position":1,"name":"Accueil","item":"https:\/\/www.gites-du-pecheur.com\/fr\/"},{"@type":"ListItem","position":2,"name":"Pour vous accueillir en toute s\u00e9curit\u00e9"}]},{"@type":"WebSite","@id":"https:\/\/www.gites-du-pecheur.com\/fr\/#website","url":"https:\/\/www.gites-du-pecheur.com\/fr\/","name":"Les g\u00eetes du p\u00eacheur","description":"Locations vacances \u2013 Erquy \u2013 Cap Fr\u00e9hel","publisher":{"@id":"https:\/\/www.gites-du-pecheur.com\/fr\/#organization"},"potentialAction":[{"@type":"SearchAction","target":{"@type":"EntryPoint","urlTemplate":"https:\/\/www.gites-du-pecheur.com\/fr\/?s={search_term_string}"},"query-input":"required name=search_term_string"}],"inLanguage":"fr-FR"},{"@type":"Organization","@id":"https:\/\/www.gites-du-pecheur.com\/fr\/#organization","name":"G\u00eetes du p\u00eacheur","url":"https:\/\/www.gites-du-pecheur.com\/fr\/","logo":{"@type":"ImageObject","inLanguage":"fr-FR","@id":"https:\/\/www.gites-du-pecheur.com\/fr\/#\/schema\/logo\/image\/","url":"https:\/\/www.gites-du-pecheur.com\/wp-content\/uploads\/2021\/05\/logo-gites-du-pecheur.svg","contentUrl":"https:\/\/www.gites-du-pecheur.com\/wp-content\/uploads\/2021\/05\/logo-gites-du-pecheur.svg","width":1,"height":1,"caption":"G\u00eetes du p\u00eacheur"},"image":{"@id":"https:\/\/www.gites-du-pecheur.com\/fr\/#\/schema\/logo\/image\/"},"sameAs":["https:\/\/fr-fr.facebook.com\/lesgitesdupecheur","https:\/\/www.instagram.com\/lesgitesdupecheur\/"]}]}},"_links":{"self":[{"href":"https:\/\/www.gites-du-pecheur.com\/fr\/wp-json\/wp\/v2\/pages\/8051","targetHints":{"allow":["GET"]}}],"collection":[{"href":"https:\/\/www.gites-du-pecheur.com\/fr\/wp-json\/wp\/v2\/pages"}],"about":[{"href":"https:\/\/www.gites-du-pecheur.com\/fr\/wp-json\/wp\/v2\/types\/page"}],"author":[{"embeddable":true,"href":"https:\/\/www.gites-du-pecheur.com\/fr\/wp-json\/wp\/v2\/users\/2"}],"replies":[{"embeddable":true,"href":"https:\/\/www.gites-du-pecheur.com\/fr\/wp-json\/wp\/v2\/comments?post=8051"}],"version-history":[{"count":11,"href":"https:\/\/www.gites-du-pecheur.com\/fr\/wp-json\/wp\/v2\/pages\/8051\/revisions"}],"predecessor-version":[{"id":8069,"href":"https:\/\/www.gites-du-pecheur.com\/fr\/wp-json\/wp\/v2\/pages\/8051\/revisions\/8069"}],"wp:attachment":[{"href":"https:\/\/www.gites-du-pecheur.com\/fr\/wp-json\/wp\/v2\/media?parent=8051"}],"curies":[{"name":"wp","href":"https:\/\/api.w.org\/{rel}","templated":true}]}}