{"id":9300,"date":"2024-03-05T14:07:13","date_gmt":"2024-03-05T13:07:13","guid":{"rendered":"https:\/\/www.gites-du-pecheur.com\/privacy-and-cookies-policy\/"},"modified":"2024-03-05T14:15:58","modified_gmt":"2024-03-05T13:15:58","slug":"privacy-and-cookies-policy","status":"publish","type":"page","link":"https:\/\/www.gites-du-pecheur.com\/en\/privacy-and-cookies-policy\/","title":{"rendered":"Privacy and cookies policy"},"content":{"rendered":"\t\t<div data-elementor-type=\"wp-page\" data-elementor-id=\"9300\" class=\"elementor elementor-9300 elementor-8103\">\n\t\t\t\t\t\t\t\t\t<section class=\"elementor-section elementor-top-section elementor-element elementor-element-16941470 elementor-section-full_width qodef-elementor-content-grid elementor-section-height-default elementor-section-height-default\" data-id=\"16941470\" data-element_type=\"section\">\n\t\t\t\t\t\t<div class=\"elementor-container elementor-column-gap-no\">\n\t\t\t\t\t<div class=\"elementor-column elementor-col-100 elementor-top-column elementor-element elementor-element-6d823be\" data-id=\"6d823be\" data-element_type=\"column\">\n\t\t\t<div class=\"elementor-widget-wrap elementor-element-populated\">\n\t\t\t\t\t\t\t\t<div class=\"elementor-element elementor-element-6cfb5aa elementor-widget elementor-widget-image\" data-id=\"6cfb5aa\" data-element_type=\"widget\" data-widget_type=\"image.default\">\n\t\t\t\t<div class=\"elementor-widget-container\">\n\t\t\t\t\t\t\t\t\t\t\t\t\t\t\t<img loading=\"lazy\" decoding=\"async\" width=\"1300\" height=\"400\" src=\"https:\/\/www.gites-du-pecheur.com\/wp-content\/uploads\/2021\/09\/vue-cap-frehel.jpg\" class=\"attachment-1536x1536 size-1536x1536 wp-image-6961\" alt=\"\" srcset=\"https:\/\/www.gites-du-pecheur.com\/wp-content\/uploads\/2021\/09\/vue-cap-frehel.jpg 1300w, https:\/\/www.gites-du-pecheur.com\/wp-content\/uploads\/2021\/09\/vue-cap-frehel-300x92.jpg 300w, https:\/\/www.gites-du-pecheur.com\/wp-content\/uploads\/2021\/09\/vue-cap-frehel-1024x315.jpg 1024w, https:\/\/www.gites-du-pecheur.com\/wp-content\/uploads\/2021\/09\/vue-cap-frehel-768x236.jpg 768w\" sizes=\"auto, (max-width: 1300px) 100vw, 1300px\" \/>\t\t\t\t\t\t\t\t\t\t\t\t\t\t\t<\/div>\n\t\t\t\t<\/div>\n\t\t\t\t\t<\/div>\n\t\t<\/div>\n\t\t\t\t\t\t\t<\/div>\n\t\t<\/section>\n\t\t\t\t<section class=\"elementor-section elementor-top-section elementor-element elementor-element-b4d96e0 elementor-section-full_width qodef-elementor-content-grid elementor-section-height-default elementor-section-height-default\" data-id=\"b4d96e0\" data-element_type=\"section\">\n\t\t\t\t\t\t<div class=\"elementor-container elementor-column-gap-no\">\n\t\t\t\t\t<div class=\"elementor-column elementor-col-33 elementor-top-column elementor-element elementor-element-40b3468a\" data-id=\"40b3468a\" data-element_type=\"column\">\n\t\t\t<div class=\"elementor-widget-wrap elementor-element-populated\">\n\t\t\t\t\t\t\t\t<div class=\"elementor-element elementor-element-2a2baf37 elementor-widget elementor-widget-text-editor\" data-id=\"2a2baf37\" data-element_type=\"widget\" data-widget_type=\"text-editor.default\">\n\t\t\t\t<div class=\"elementor-widget-container\">\n\t\t\t\t\t\t\t<h3 id=\"tw-target-text\" class=\"tw-data-text tw-text-large tw-ta\" dir=\"ltr\" data-placeholder=\"Traduction\" data-ved=\"2ahUKEwjo-rb1it2EAxWLcKQEHTRzD18Q3ewLegQIDBAU\"><strong><span class=\"Y2IQFc\" lang=\"en\" style=\"color: #e4992f;\">Les g\u00eetes du P\u00eacheur affirm their commitment to compliance with applicable laws and regulations regarding data protection, and is committed to preserving their security, confidentiality and integrity.<\/span><\/strong><\/h3>\n\t\t\t\t\t\t<\/div>\n\t\t\t\t<\/div>\n\t\t\t\t\t<\/div>\n\t\t<\/div>\n\t\t\t\t<div class=\"elementor-column elementor-col-66 elementor-top-column elementor-element elementor-element-2b47b346\" data-id=\"2b47b346\" data-element_type=\"column\">\n\t\t\t<div class=\"elementor-widget-wrap elementor-element-populated\">\n\t\t\t\t\t\t\t\t<div class=\"elementor-element elementor-element-625c59ea elementor-widget elementor-widget-text-editor\" data-id=\"625c59ea\" data-element_type=\"widget\" data-widget_type=\"text-editor.default\">\n\t\t\t\t<div class=\"elementor-widget-container\">\n\t\t\t\t\t\t\t<p id=\"tw-target-text\" class=\"tw-data-text tw-text-large tw-ta\" dir=\"ltr\" data-placeholder=\"Traduction\" data-ved=\"2ahUKEwjo-rb1it2EAxWLcKQEHTRzD18Q3ewLegQIDBAU\"><span class=\"Y2IQFc\" lang=\"en\">The purpose of this privacy policy is to define the principles and guidelines implemented by Les g\u00eetes du P\u00eacheur regarding the protection of the personal data of users of this website.<\/span><\/p><p id=\"tw-target-text\" class=\"tw-data-text tw-text-large tw-ta\" dir=\"ltr\" data-placeholder=\"Traduction\" data-ved=\"2ahUKEwjo-rb1it2EAxWLcKQEHTRzD18Q3ewLegQIDBAU\"><span class=\"qodef-h2 qodef-h3\" style=\"color: #005a8c;\"><strong><span class=\"Y2IQFc\" lang=\"en\">Fields of application and exclusion<\/span><\/strong><\/span><\/p><p id=\"tw-target-text\" class=\"tw-data-text tw-text-large tw-ta\" dir=\"ltr\" data-placeholder=\"Traduction\" data-ved=\"2ahUKEwjo-rb1it2EAxWLcKQEHTRzD18Q3ewLegQIDBAU\"><span class=\"Y2IQFc\" lang=\"en\">This privacy policy applies to all processing of personal data carried out by G\u00eetes du P\u00eacheur using this website. This privacy policy does not apply to processing carried out on third party websites or applications for which G\u00eetes du P\u00eacheur is not responsible, even if the said sites are mentioned on this website.<\/span><\/p><p>\u00a0<\/p><p><span class=\"qodef-h3\" style=\"color: #005a8c;\"><strong>Data collected<\/strong><\/span><\/p><p id=\"tw-target-text\" class=\"tw-data-text tw-text-large tw-ta\" dir=\"ltr\" data-placeholder=\"Traduction\" data-ved=\"2ahUKEwjo-rb1it2EAxWLcKQEHTRzD18Q3ewLegQIDBAU\"><span class=\"Y2IQFc\" lang=\"en\">Data collected via the contact form The information collected from the contact form is transmitted directly to the G\u00eetes du P\u00eacheur. This data processing is based on the consent of the person who completed the contact form. Fields marked with an asterisk are mandatory for the message sent by the form to be properly taken into account. The information collected is kept by G\u00eetes du P\u00eacheur for the time necessary for processing. Cookie management We explain what cookies are and how we use them. You can adjust your preferences and disable non-essential cookies.<\/span><\/p><p><strong>The role of cookies<\/strong><\/p><p id=\"tw-target-text\" class=\"tw-data-text tw-text-large tw-ta\" dir=\"ltr\" data-placeholder=\"Traduction\" data-ved=\"2ahUKEwjo-rb1it2EAxWLcKQEHTRzD18Q3ewLegQIDBAU\"><span class=\"Y2IQFc\" lang=\"en\">Cookies are small text files used to temporarily store information. They are stored on your computer or phone when the site loads. They help us ensure the site functions correctly and is secure, improve the user experience and measure performance to understand what is working or needs improvement.<\/span><\/p><p id=\"tw-target-text\" class=\"tw-data-text tw-text-large tw-ta\" dir=\"ltr\" data-placeholder=\"Traduction\" data-ved=\"2ahUKEwjo-rb1it2EAxWLcKQEHTRzD18Q3ewLegQIDBAU\"><strong><span class=\"Y2IQFc\" lang=\"en\">Our use of cookies <\/span><\/strong><\/p><p class=\"tw-data-text tw-text-large tw-ta\" dir=\"ltr\" data-placeholder=\"Traduction\" data-ved=\"2ahUKEwjo-rb1it2EAxWLcKQEHTRzD18Q3ewLegQIDBAU\"><span class=\"Y2IQFc\" lang=\"en\">Like the majority of services on the internet, our site uses cookies linked to WordPress and third-party services. WordPress cookies ensure the operation of the site and do not collect personal data. Third-party cookies are mainly intended to measure performance and interactions, manage advertising based on your profile and improve the user experience.<\/span><\/p><p><span class=\"qodef-h3\" style=\"color: #005a8c;\"><strong>The types of cookies used<\/strong><\/span><\/p><p><strong>Essentials<\/strong><strong> :\u00a0<\/strong><span class=\"Y2IQFc\" lang=\"en\">Some cookies are essential for you to benefit from the full functionality of our site. They manage user sessions and prevent security threats. They do not collect any personal information. For example, they allow you to add products to your cart and order securely.<\/span><\/p><p><strong>Statistics<\/strong><strong>\u00a0: <\/strong><span class=\"Y2IQFc\" lang=\"en\">they record the number of visitors to the site, the pages visited, the source of the visit\u2026 this data helps us understand where the site needs to be improved.<\/span><\/p><p><strong>Fonctionnal<\/strong><strong> :\u00a0<\/strong><span class=\"Y2IQFc\" lang=\"en\">They improve some non-essential features like embedding video content or sharing on social media platforms.<\/span><\/p><p><strong>Preferences<\/strong><strong> : <\/strong><span class=\"Y2IQFc\" lang=\"en\">They store your settings and browsing preferences like language preferences.<\/span><\/p><p>\u00a0<\/p><p><span class=\"qodef-h3\" style=\"color: #005a8c;\"><strong>Manage cookies<\/strong><\/span><\/p><p><span class=\"Y2IQFc\" lang=\"en\">Browsers offer different methods for blocking and deleting cookies used by websites. You can change your browser settings to block or delete cookies. To find out more about managing and deleting cookies, visit the CNIL website to discover the process. <\/span><a href=\"https:\/\/www.cnil.fr\/fr\/cookies-les-outils-pour-les-maitriser\" target=\"_blank\" rel=\"noopener\">cnil to discover the process<\/a>.<\/p><p>\u00a0<\/p><p><span class=\"qodef-h3\" style=\"color: #005a8c;\"><strong>Rights of people<\/strong><\/span><\/p><p><span class=\"Y2IQFc\" lang=\"en\">In accordance with the regulations, everyone has the right to access, rectify, delete, portability, limit and oppose personal data concerning them. Where applicable, the data subject may also withdraw consent to the processing of their data at any time. For more information on these rights, consult the website <\/span><a href=\"http:\/\/www.cnil.fr\/\" target=\"_blank\" rel=\"noopener\">www.cnil.fr<\/a>.<\/p><p id=\"tw-target-text\" class=\"tw-data-text tw-text-large tw-ta\" dir=\"ltr\" data-placeholder=\"Traduction\" data-ved=\"2ahUKEwjo-rb1it2EAxWLcKQEHTRzD18Q3ewLegQIDBAU\"><span class=\"Y2IQFc\" lang=\"en\">To exercise these rights or for any questions about the processing of personal data, contact the g\u00eetes du P\u00eacheur by email<\/span>\u00a0(contact@gitesdupecheur.com) ou par voie postale (les g\u00eetes du P\u00eacheur &#8211; Rue Saint-Michel &#8211; 22430 ERQUY).<\/p><p id=\"tw-target-text\" class=\"tw-data-text tw-text-large tw-ta\" dir=\"ltr\" data-placeholder=\"Traduction\" data-ved=\"2ahUKEwjo-rb1it2EAxWLcKQEHTRzD18Q3ewLegQIDBAU\"><strong><span class=\"Y2IQFc\" lang=\"en\">Updated privacy and cookies policy <\/span><\/strong><\/p><p class=\"tw-data-text tw-text-large tw-ta\" dir=\"ltr\" data-placeholder=\"Traduction\" data-ved=\"2ahUKEwjo-rb1it2EAxWLcKQEHTRzD18Q3ewLegQIDBAU\"><span class=\"Y2IQFc\" lang=\"en\">This Privacy Policy may be updated, at any time, according to the needs of G\u00eetes du P\u00eacheur or if required by law.<\/span><\/p>\t\t\t\t\t\t<\/div>\n\t\t\t\t<\/div>\n\t\t\t\t\t<\/div>\n\t\t<\/div>\n\t\t\t\t\t\t\t<\/div>\n\t\t<\/section>\n\t\t\t\t\t\t\t<\/div>\n\t\t","protected":false},"excerpt":{"rendered":"<p>Les g\u00eetes du P\u00eacheur affirm their commitment to compliance with applicable laws and regulations regarding data protection, and is committed to preserving their security, confidentiality and integrity. The purpose of this privacy policy is to define the principles and guidelines implemented by Les g\u00eetes du P\u00eacheur regarding the protection of the personal data of users [&hellip;]<\/p>\n","protected":false},"author":1,"featured_media":0,"parent":0,"menu_order":0,"comment_status":"closed","ping_status":"closed","template":"elementor_header_footer","meta":{"inline_featured_image":false,"footnotes":""},"class_list":["post-9300","page","type-page","status-publish","hentry"],"yoast_head":"<!-- This site is optimized with the Yoast SEO plugin v21.2 - https:\/\/yoast.com\/wordpress\/plugins\/seo\/ -->\n<title>Privacy and cookies policy - Les g\u00eetes du p\u00eacheur<\/title>\n<meta name=\"robots\" content=\"index, follow, max-snippet:-1, max-image-preview:large, max-video-preview:-1\" \/>\n<link rel=\"canonical\" href=\"https:\/\/www.gites-du-pecheur.com\/en\/privacy-and-cookies-policy\/\" \/>\n<meta property=\"og:locale\" content=\"en_US\" \/>\n<meta property=\"og:type\" content=\"article\" \/>\n<meta property=\"og:title\" content=\"Privacy and cookies policy - Les g\u00eetes du p\u00eacheur\" \/>\n<meta property=\"og:description\" content=\"Les g\u00eetes du P\u00eacheur affirm their commitment to compliance with applicable laws and regulations regarding data protection, and is committed to preserving their security, confidentiality and integrity. The purpose of this privacy policy is to define the principles and guidelines implemented by Les g\u00eetes du P\u00eacheur regarding the protection of the personal data of users [&hellip;]\" \/>\n<meta property=\"og:url\" content=\"https:\/\/www.gites-du-pecheur.com\/en\/privacy-and-cookies-policy\/\" \/>\n<meta property=\"og:site_name\" content=\"Les g\u00eetes du p\u00eacheur\" \/>\n<meta property=\"article:publisher\" content=\"https:\/\/fr-fr.facebook.com\/lesgitesdupecheur\" \/>\n<meta property=\"article:modified_time\" content=\"2024-03-05T13:15:58+00:00\" \/>\n<meta property=\"og:image\" content=\"https:\/\/www.gites-du-pecheur.com\/wp-content\/uploads\/2021\/09\/vue-cap-frehel.jpg\" \/>\n<meta name=\"twitter:card\" content=\"summary_large_image\" \/>\n<script type=\"application\/ld+json\" class=\"yoast-schema-graph\">{\"@context\":\"https:\/\/schema.org\",\"@graph\":[{\"@type\":\"WebPage\",\"@id\":\"https:\/\/www.gites-du-pecheur.com\/en\/privacy-and-cookies-policy\/\",\"url\":\"https:\/\/www.gites-du-pecheur.com\/en\/privacy-and-cookies-policy\/\",\"name\":\"Privacy and cookies policy - Les g\u00eetes du p\u00eacheur\",\"isPartOf\":{\"@id\":\"https:\/\/www.gites-du-pecheur.com\/fr\/#website\"},\"datePublished\":\"2024-03-05T13:07:13+00:00\",\"dateModified\":\"2024-03-05T13:15:58+00:00\",\"breadcrumb\":{\"@id\":\"https:\/\/www.gites-du-pecheur.com\/en\/privacy-and-cookies-policy\/#breadcrumb\"},\"inLanguage\":\"en-US\",\"potentialAction\":[{\"@type\":\"ReadAction\",\"target\":[\"https:\/\/www.gites-du-pecheur.com\/en\/privacy-and-cookies-policy\/\"]}]},{\"@type\":\"BreadcrumbList\",\"@id\":\"https:\/\/www.gites-du-pecheur.com\/en\/privacy-and-cookies-policy\/#breadcrumb\",\"itemListElement\":[{\"@type\":\"ListItem\",\"position\":1,\"name\":\"Accueil\",\"item\":\"https:\/\/www.gites-du-pecheur.com\/en\/\"},{\"@type\":\"ListItem\",\"position\":2,\"name\":\"Privacy and cookies policy\"}]},{\"@type\":\"WebSite\",\"@id\":\"https:\/\/www.gites-du-pecheur.com\/fr\/#website\",\"url\":\"https:\/\/www.gites-du-pecheur.com\/fr\/\",\"name\":\"Les g\u00eetes du p\u00eacheur\",\"description\":\"Location de g\u00eetes en bord de mer \u00e0 Erquy - piscine chauff\u00e9e - sauna - Bretagne\",\"publisher\":{\"@id\":\"https:\/\/www.gites-du-pecheur.com\/fr\/#organization\"},\"potentialAction\":[{\"@type\":\"SearchAction\",\"target\":{\"@type\":\"EntryPoint\",\"urlTemplate\":\"https:\/\/www.gites-du-pecheur.com\/fr\/?s={search_term_string}\"},\"query-input\":\"required name=search_term_string\"}],\"inLanguage\":\"en-US\"},{\"@type\":\"Organization\",\"@id\":\"https:\/\/www.gites-du-pecheur.com\/fr\/#organization\",\"name\":\"G\u00eetes du p\u00eacheur\",\"url\":\"https:\/\/www.gites-du-pecheur.com\/fr\/\",\"logo\":{\"@type\":\"ImageObject\",\"inLanguage\":\"en-US\",\"@id\":\"https:\/\/www.gites-du-pecheur.com\/fr\/#\/schema\/logo\/image\/\",\"url\":\"https:\/\/www.gites-du-pecheur.com\/wp-content\/uploads\/2021\/05\/logo-gites-du-pecheur.svg\",\"contentUrl\":\"https:\/\/www.gites-du-pecheur.com\/wp-content\/uploads\/2021\/05\/logo-gites-du-pecheur.svg\",\"width\":1,\"height\":1,\"caption\":\"G\u00eetes du p\u00eacheur\"},\"image\":{\"@id\":\"https:\/\/www.gites-du-pecheur.com\/fr\/#\/schema\/logo\/image\/\"},\"sameAs\":[\"https:\/\/fr-fr.facebook.com\/lesgitesdupecheur\",\"https:\/\/www.instagram.com\/lesgitesdupecheur\/\"]}]}<\/script>\n<!-- \/ Yoast SEO plugin. -->","yoast_head_json":{"title":"Privacy and cookies policy - Les g\u00eetes du p\u00eacheur","robots":{"index":"index","follow":"follow","max-snippet":"max-snippet:-1","max-image-preview":"max-image-preview:large","max-video-preview":"max-video-preview:-1"},"canonical":"https:\/\/www.gites-du-pecheur.com\/en\/privacy-and-cookies-policy\/","og_locale":"en_US","og_type":"article","og_title":"Privacy and cookies policy - Les g\u00eetes du p\u00eacheur","og_description":"Les g\u00eetes du P\u00eacheur affirm their commitment to compliance with applicable laws and regulations regarding data protection, and is committed to preserving their security, confidentiality and integrity. The purpose of this privacy policy is to define the principles and guidelines implemented by Les g\u00eetes du P\u00eacheur regarding the protection of the personal data of users [&hellip;]","og_url":"https:\/\/www.gites-du-pecheur.com\/en\/privacy-and-cookies-policy\/","og_site_name":"Les g\u00eetes du p\u00eacheur","article_publisher":"https:\/\/fr-fr.facebook.com\/lesgitesdupecheur","article_modified_time":"2024-03-05T13:15:58+00:00","og_image":[{"url":"https:\/\/www.gites-du-pecheur.com\/wp-content\/uploads\/2021\/09\/vue-cap-frehel.jpg"}],"twitter_card":"summary_large_image","schema":{"@context":"https:\/\/schema.org","@graph":[{"@type":"WebPage","@id":"https:\/\/www.gites-du-pecheur.com\/en\/privacy-and-cookies-policy\/","url":"https:\/\/www.gites-du-pecheur.com\/en\/privacy-and-cookies-policy\/","name":"Privacy and cookies policy - Les g\u00eetes du p\u00eacheur","isPartOf":{"@id":"https:\/\/www.gites-du-pecheur.com\/fr\/#website"},"datePublished":"2024-03-05T13:07:13+00:00","dateModified":"2024-03-05T13:15:58+00:00","breadcrumb":{"@id":"https:\/\/www.gites-du-pecheur.com\/en\/privacy-and-cookies-policy\/#breadcrumb"},"inLanguage":"en-US","potentialAction":[{"@type":"ReadAction","target":["https:\/\/www.gites-du-pecheur.com\/en\/privacy-and-cookies-policy\/"]}]},{"@type":"BreadcrumbList","@id":"https:\/\/www.gites-du-pecheur.com\/en\/privacy-and-cookies-policy\/#breadcrumb","itemListElement":[{"@type":"ListItem","position":1,"name":"Accueil","item":"https:\/\/www.gites-du-pecheur.com\/en\/"},{"@type":"ListItem","position":2,"name":"Privacy and cookies policy"}]},{"@type":"WebSite","@id":"https:\/\/www.gites-du-pecheur.com\/fr\/#website","url":"https:\/\/www.gites-du-pecheur.com\/fr\/","name":"Les g\u00eetes du p\u00eacheur","description":"Location de g\u00eetes en bord de mer \u00e0 Erquy - piscine chauff\u00e9e - sauna - Bretagne","publisher":{"@id":"https:\/\/www.gites-du-pecheur.com\/fr\/#organization"},"potentialAction":[{"@type":"SearchAction","target":{"@type":"EntryPoint","urlTemplate":"https:\/\/www.gites-du-pecheur.com\/fr\/?s={search_term_string}"},"query-input":"required name=search_term_string"}],"inLanguage":"en-US"},{"@type":"Organization","@id":"https:\/\/www.gites-du-pecheur.com\/fr\/#organization","name":"G\u00eetes du p\u00eacheur","url":"https:\/\/www.gites-du-pecheur.com\/fr\/","logo":{"@type":"ImageObject","inLanguage":"en-US","@id":"https:\/\/www.gites-du-pecheur.com\/fr\/#\/schema\/logo\/image\/","url":"https:\/\/www.gites-du-pecheur.com\/wp-content\/uploads\/2021\/05\/logo-gites-du-pecheur.svg","contentUrl":"https:\/\/www.gites-du-pecheur.com\/wp-content\/uploads\/2021\/05\/logo-gites-du-pecheur.svg","width":1,"height":1,"caption":"G\u00eetes du p\u00eacheur"},"image":{"@id":"https:\/\/www.gites-du-pecheur.com\/fr\/#\/schema\/logo\/image\/"},"sameAs":["https:\/\/fr-fr.facebook.com\/lesgitesdupecheur","https:\/\/www.instagram.com\/lesgitesdupecheur\/"]}]}},"_links":{"self":[{"href":"https:\/\/www.gites-du-pecheur.com\/en\/wp-json\/wp\/v2\/pages\/9300","targetHints":{"allow":["GET"]}}],"collection":[{"href":"https:\/\/www.gites-du-pecheur.com\/en\/wp-json\/wp\/v2\/pages"}],"about":[{"href":"https:\/\/www.gites-du-pecheur.com\/en\/wp-json\/wp\/v2\/types\/page"}],"author":[{"embeddable":true,"href":"https:\/\/www.gites-du-pecheur.com\/en\/wp-json\/wp\/v2\/users\/1"}],"replies":[{"embeddable":true,"href":"https:\/\/www.gites-du-pecheur.com\/en\/wp-json\/wp\/v2\/comments?post=9300"}],"version-history":[{"count":4,"href":"https:\/\/www.gites-du-pecheur.com\/en\/wp-json\/wp\/v2\/pages\/9300\/revisions"}],"predecessor-version":[{"id":9317,"href":"https:\/\/www.gites-du-pecheur.com\/en\/wp-json\/wp\/v2\/pages\/9300\/revisions\/9317"}],"wp:attachment":[{"href":"https:\/\/www.gites-du-pecheur.com\/en\/wp-json\/wp\/v2\/media?parent=9300"}],"curies":[{"name":"wp","href":"https:\/\/api.w.org\/{rel}","templated":true}]}}