{"id":6629,"date":"2021-09-06T15:54:08","date_gmt":"2021-09-06T13:54:08","guid":{"rendered":"https:\/\/www.gites-du-pecheur.com\/the-cottages-village\/"},"modified":"2021-10-28T10:18:16","modified_gmt":"2021-10-28T08:18:16","slug":"the-cottages-village","status":"publish","type":"page","link":"https:\/\/www.gites-du-pecheur.com\/en\/the-cottages-village\/","title":{"rendered":"The cottages village"},"content":{"rendered":"\t\t<div data-elementor-type=\"wp-page\" data-elementor-id=\"6629\" class=\"elementor elementor-6629 elementor-6416\">\n\t\t\t\t\t\t\t\t\t<section class=\"elementor-section elementor-top-section elementor-element elementor-element-51254bd elementor-section-full_width qodef-elementor-content-grid elementor-section-height-default elementor-section-height-default\" data-id=\"51254bd\" data-element_type=\"section\">\n\t\t\t\t\t\t<div class=\"elementor-container elementor-column-gap-no\">\n\t\t\t\t\t<div class=\"elementor-column elementor-col-100 elementor-top-column elementor-element elementor-element-73259e8e\" data-id=\"73259e8e\" data-element_type=\"column\">\n\t\t\t<div class=\"elementor-widget-wrap elementor-element-populated\">\n\t\t\t\t\t\t\t\t<div class=\"elementor-element elementor-element-2ff80654 elementor-widget elementor-widget-alloggio_core_section_title\" data-id=\"2ff80654\" data-element_type=\"widget\" data-widget_type=\"alloggio_core_section_title.default\">\n\t\t\t\t<div class=\"elementor-widget-container\">\n\t\t\t<div class=\"qodef-shortcode qodef-m  qodef-section-title qodef-alignment--center\">\n\t\t<h2 class=\"qodef-m-title\" >\n\t\t\t\t\tHistory of the Village by Fran\u00e7oise Rouxel\t\t\t<\/h2>\n\t\t<span class=\"qodef-m-text\" style=\"margin-top: 25px\">My first experience in tourism dates back to the 1970s. I was 12 years old ... My parents were farmers and breeders of dairy cows and pigs in the \u00ab village des h\u00f4pitaux \u00bb in Erquy. I was also born on the farm, a 100% made in breizh product!<\/span>\n<\/div>\t\t<\/div>\n\t\t\t\t<\/div>\n\t\t\t\t\t<\/div>\n\t\t<\/div>\n\t\t\t\t\t\t\t<\/div>\n\t\t<\/section>\n\t\t\t\t<section class=\"elementor-section elementor-top-section elementor-element elementor-element-6db4213f elementor-section-full_width qodef-elementor-content-grid elementor-section-height-default elementor-section-height-default\" data-id=\"6db4213f\" data-element_type=\"section\">\n\t\t\t\t\t\t<div class=\"elementor-container elementor-column-gap-no\">\n\t\t\t\t\t<div class=\"elementor-column elementor-col-100 elementor-top-column elementor-element elementor-element-c4d9163\" data-id=\"c4d9163\" data-element_type=\"column\">\n\t\t\t<div class=\"elementor-widget-wrap elementor-element-populated\">\n\t\t\t\t\t\t\t\t<div class=\"elementor-element elementor-element-483dc6a5 elementor-widget elementor-widget-alloggio_core_banner\" data-id=\"483dc6a5\" data-element_type=\"widget\" data-widget_type=\"alloggio_core_banner.default\">\n\t\t\t\t<div class=\"elementor-widget-container\">\n\t\t\t<div class=\"qodef-shortcode qodef-m no-button sans-lien qodef-banner qodef-layout--link-overlay  qodef--has-button\">\n\t<div class=\"qodef-m-image\">\n\t<img loading=\"lazy\" decoding=\"async\" width=\"1300\" height=\"400\" src=\"https:\/\/www.gites-du-pecheur.com\/wp-content\/uploads\/2021\/09\/vue-cap-frehel.jpg\" class=\"attachment-full size-full\" alt=\"\" srcset=\"https:\/\/www.gites-du-pecheur.com\/wp-content\/uploads\/2021\/09\/vue-cap-frehel.jpg 1300w, https:\/\/www.gites-du-pecheur.com\/wp-content\/uploads\/2021\/09\/vue-cap-frehel-300x92.jpg 300w, https:\/\/www.gites-du-pecheur.com\/wp-content\/uploads\/2021\/09\/vue-cap-frehel-1024x315.jpg 1024w, https:\/\/www.gites-du-pecheur.com\/wp-content\/uploads\/2021\/09\/vue-cap-frehel-768x236.jpg 768w\" sizes=\"auto, (max-width: 1300px) 100vw, 1300px\" \/>\t<a itemprop=\"url\" href=\"\" class=\"qodef-m-banner-link\" target=\"_self\"><\/a>\n<\/div>\t<div class=\"qodef-m-content\">\n\t\t<div class=\"qodef-m-content-inner\" style=\"padding: 53px 80px 61px 50px\">\n\t\t\t<div class=\"qodef-m-content-inner-background\" style=\"background-color: #E4992F\"><\/div>\n\t\t\t<div class=\"qodef-m-content-inner-holder\">\n\t\t\t\t\t<h3 class=\"qodef-m-title\" style=\"color: #FFFFFF\">A situation with <br> a breathtaking view<\/h3>\n\t\t\t\t\t\t\t\t\t<div class=\"qodef-m-button\">\n\t\t<a class=\"qodef-shortcode qodef-m  qodef-button qodef-layout--filled  qodef-html--link\" href=\"\" target=\"_self\"  >\t<span class=\"qodef-m-text\">Button Text<\/span>\t<span class=\"qodef-m-background-holder\" ><\/span><\/a>\t<\/div>\n\t\t\t\t<a itemprop=\"url\" href=\"\" class=\"qodef-m-banner-link\" target=\"_self\"><\/a>\n\t\t\t<\/div>\n\t\t\t<a itemprop=\"url\" href=\"\" class=\"qodef-m-banner-link\" target=\"_self\"><\/a>\n\t\t<\/div>\n\t<\/div>\n<\/div>\n\t\t<\/div>\n\t\t\t\t<\/div>\n\t\t\t\t\t<\/div>\n\t\t<\/div>\n\t\t\t\t\t\t\t<\/div>\n\t\t<\/section>\n\t\t\t\t<section class=\"elementor-section elementor-top-section elementor-element elementor-element-127fb057 elementor-section-full_width qodef-elementor-content-grid elementor-section-height-default elementor-section-height-default\" data-id=\"127fb057\" data-element_type=\"section\">\n\t\t\t\t\t\t<div class=\"elementor-container elementor-column-gap-no\">\n\t\t\t\t\t<div class=\"elementor-column elementor-col-33 elementor-top-column elementor-element elementor-element-1571259d\" data-id=\"1571259d\" data-element_type=\"column\">\n\t\t\t<div class=\"elementor-widget-wrap elementor-element-populated\">\n\t\t\t\t\t\t\t\t<div class=\"elementor-element elementor-element-de779d8 elementor-widget elementor-widget-text-editor\" data-id=\"de779d8\" data-element_type=\"widget\" data-widget_type=\"text-editor.default\">\n\t\t\t\t<div class=\"elementor-widget-container\">\n\t\t\t\t\t\t\t<blockquote><p><span class=\"qodef-h3\" style=\"color: #e4992f;\">In 2001, it was quite natural that I decided to invest in a structure with gites to welcome the tourists also relying on the expertise of G\u00eetes de France.<\/span><\/p><\/blockquote>\t\t\t\t\t\t<\/div>\n\t\t\t\t<\/div>\n\t\t\t\t<div class=\"elementor-element elementor-element-1f9c61a9 elementor-view-default elementor-widget elementor-widget-icon\" data-id=\"1f9c61a9\" data-element_type=\"widget\" data-widget_type=\"icon.default\">\n\t\t\t\t<div class=\"elementor-widget-container\">\n\t\t\t\t\t<div class=\"elementor-icon-wrapper\">\n\t\t\t<div class=\"elementor-icon\">\n\t\t\t<svg xmlns=\"http:\/\/www.w3.org\/2000\/svg\" id=\"Calque_1\" data-name=\"Calque 1\" viewBox=\"0 0 81.55 81.55\"><defs><style>.cls-1{fill:#fff;}.cls-2{fill:#00653f;}.cls-3{fill:#ffde30;}.cls-4{fill:#e20613;}<\/style><\/defs><path class=\"cls-1\" d=\"M81.55,40.77A40.78,40.78,0,1,1,40.77,0,40.78,40.78,0,0,1,81.55,40.77\"><\/path><path class=\"cls-2\" d=\"M10.16,57.46a1.57,1.57,0,0,1-2.31-.59A36.88,36.88,0,0,1,73.19,22.73a1.56,1.56,0,0,1-.74,2.2c-1,.45-2.4,1-3.44,1.4a1.86,1.86,0,0,1-2.28-.79A29.88,29.88,0,0,0,13.89,53.27a1.54,1.54,0,0,1-.52,1.9Z\"><\/path><path class=\"cls-2\" d=\"M19.15,59.61a4,4,0,0,0-5.65-.35h0A4.27,4.27,0,0,0,11.94,62a3.79,3.79,0,0,0,.92,2.94,4.67,4.67,0,0,0,3,1.61h.06l2.63-2.2-2.18-2.59-1.12.94,1.19,1.42-.92.78A2.8,2.8,0,0,1,14.05,64a2.15,2.15,0,0,1-.52-1.76,2.81,2.81,0,0,1,1-1.71,2.72,2.72,0,0,1,1.79-.66,2.08,2.08,0,0,1,1.59.73,2.66,2.66,0,0,1,.65,2v.15l1.58,0v-.13a4,4,0,0,0-1-2.91\"><\/path><rect class=\"cls-2\" x=\"16.41\" y=\"65.52\" width=\"7.8\" height=\"1.68\" transform=\"translate(-44.01 40.3) rotate(-50.93)\"><\/rect><polygon class=\"cls-2\" points=\"24.97 66.67 23.35 65.72 24.07 64.49 28.77 67.23 28.05 68.47 26.42 67.52 23.21 73.02 21.76 72.17 24.97 66.67\"><\/polygon><polygon class=\"cls-2\" points=\"29.51 67.5 33.58 68.94 33.1 70.29 30.63 69.42 30.06 71.03 32.21 71.79 31.76 73.08 29.6 72.31 28.98 74.07 31.48 74.95 31 76.3 26.91 74.86 29.51 67.5\"><\/polygon><path class=\"cls-2\" d=\"M33.76,75.23l.12.1a3.77,3.77,0,0,0,.54.34,2.48,2.48,0,0,0,.75.22,1.37,1.37,0,0,0,.88-.11.81.81,0,0,0,.42-.62,1,1,0,0,0-.14-.7,2.52,2.52,0,0,0-.8-.71,4.15,4.15,0,0,1-1.37-1.21,2,2,0,0,1-.3-1.44,2.18,2.18,0,0,1,.31-.84,2.05,2.05,0,0,1,.61-.6,2.37,2.37,0,0,1,.88-.33,3.08,3.08,0,0,1,1.09,0,4.25,4.25,0,0,1,1.15.33,3.47,3.47,0,0,1,.82.48l-.91,1.09-.2-.13L37.33,71,37,70.84a2.11,2.11,0,0,0-.3-.07,1.63,1.63,0,0,0-.84.06.61.61,0,0,0-.41.51.76.76,0,0,0,0,.37,1.15,1.15,0,0,0,.24.33,2.37,2.37,0,0,0,.37.32l.48.36a9.54,9.54,0,0,1,.78.66,2.9,2.9,0,0,1,.51.65,1.88,1.88,0,0,1,.25.67,2.23,2.23,0,0,1,0,.73,2.55,2.55,0,0,1-.35,1,2.23,2.23,0,0,1-.66.64,2.43,2.43,0,0,1-.89.32,3.37,3.37,0,0,1-1,0A5.27,5.27,0,0,1,33.83,77a5.48,5.48,0,0,1-.88-.5Z\"><\/path><path class=\"cls-2\" d=\"M43.75,70c.12-.06.28-.14.48-.22s.42-.16.65-.23l.68-.21.57-.14a3.92,3.92,0,0,1,1.71,0,3.27,3.27,0,0,1,1.34.64,3.6,3.6,0,0,1,1,1.13,5.28,5.28,0,0,1,.53,1.49A5.21,5.21,0,0,1,50.72,74a4,4,0,0,1-.41,1.41,3.46,3.46,0,0,1-1,1.16,3.89,3.89,0,0,1-1.61.68l-.57.09-.7.07-.7,0a4.73,4.73,0,0,1-.58,0Zm2.85,5.84a1.62,1.62,0,0,0,.44,0,3.51,3.51,0,0,0,.53-.07,1.62,1.62,0,0,0,.78-.37,2,2,0,0,0,.51-.68,2.59,2.59,0,0,0,.22-.9,3.48,3.48,0,0,0-.06-1,3.88,3.88,0,0,0-.32-1,2.49,2.49,0,0,0-.54-.76,2,2,0,0,0-.75-.44,1.85,1.85,0,0,0-.94,0,3,3,0,0,0-.5.14,1.62,1.62,0,0,0-.33.17Z\"><\/path><polygon class=\"cls-2\" points=\"50.77 68.26 54.73 66.54 55.3 67.86 52.89 68.9 53.57 70.47 55.67 69.56 56.21 70.81 54.12 71.72 54.86 73.43 57.28 72.37 57.86 73.69 53.88 75.41 50.77 68.26\"><\/polygon><polygon class=\"cls-2\" points=\"59.85 63.07 62.95 60.08 63.94 61.1 62.05 62.92 63.3 64.21 64.94 62.62 65.9 63.6 64.25 65.2 66.49 67.51 65.28 68.68 59.85 63.07\"><\/polygon><path class=\"cls-2\" d=\"M68.78,60.69l2.29,1.56-.95,1.39L63.8,59.33a5.82,5.82,0,0,1,.36-.94,7.6,7.6,0,0,1,.61-1.06,3,3,0,0,1,.83-.83,3,3,0,0,1,1-.41,2.6,2.6,0,0,1,1,0,2.66,2.66,0,0,1,1,.4,2.58,2.58,0,0,1,.83.94,2.51,2.51,0,0,1,.27,1.2l3.53.46-1,1.5-3-.51v0Zm-1.18-.81.39-.54a1.16,1.16,0,0,0,.17-.42,1.25,1.25,0,0,0,0-.43,1.59,1.59,0,0,0-.18-.4,1.05,1.05,0,0,0-.32-.31,1.38,1.38,0,0,0-.39-.18,1.1,1.1,0,0,0-1.15.45l-.16.28a1.4,1.4,0,0,0-.13.33Z\"><\/path><path class=\"cls-2\" d=\"M76.05,53.15l.61-1.47-8.6-.31-.5,1.21,6.27,5.9.6-1.44L73,55.71l1.11-2.66Zm-4.28,1.46L69.9,52.87l2.56.1Z\"><\/path><polygon class=\"cls-2\" points=\"78.1 44.07 70.21 42.71 69.96 44.17 74.79 45 69.4 47.39 69.17 48.7 77.06 50.06 77.31 48.6 72.33 47.74 77.89 45.28 78.1 44.07\"><\/polygon><path class=\"cls-2\" d=\"M77.24,35.67a3.55,3.55,0,0,1,.55,1A4.2,4.2,0,0,1,78,37.83a4.39,4.39,0,0,1-.23,1.67,4.25,4.25,0,0,1-2.06,2.37,4,4,0,0,1-3.19.16,4.08,4.08,0,0,1-1.33-.83,4.43,4.43,0,0,1-.93-1.28,4.15,4.15,0,0,1-.4-1.61,4.54,4.54,0,0,1,.1-1.22A3.25,3.25,0,0,1,70.43,36l1.2.66a2.56,2.56,0,0,0-.27.79,3,3,0,0,0,0,.72,2.49,2.49,0,0,0,.25,1,2.71,2.71,0,0,0,.6.79,2.38,2.38,0,0,0,.86.5,2.62,2.62,0,0,0,1.06.15,2.74,2.74,0,0,0,1-.25,2.59,2.59,0,0,0,.81-.6,2.62,2.62,0,0,0,.52-.84,2.85,2.85,0,0,0,.15-1,3.59,3.59,0,0,0-.13-.71,2.34,2.34,0,0,0-.37-.74Z\"><\/path><polygon class=\"cls-2\" points=\"69.66 35.13 68.52 30.97 69.91 30.6 70.6 33.13 72.24 32.68 71.64 30.47 72.96 30.11 73.56 32.32 75.36 31.83 74.66 29.27 76.04 28.9 77.19 33.08 69.66 35.13\"><\/polygon><polygon class=\"cls-2\" points=\"24.53 61.24 22.43 60.93 22.35 62 23.79 62.17 24.33 63.58 25.35 63.27 24.53 61.24\"><\/polygon><path class=\"cls-3\" d=\"M57.52,32.9l-2.66-.66c-.21,0-2.13-.58-3.67-1.05a5.16,5.16,0,0,1-2.1-1.26l-6.43-6.16a1.49,1.49,0,0,0-1-.33l-3,.63a.86.86,0,0,0-.69.62L37.9,27a1.64,1.64,0,0,1-.6.89L34,31.46a1.07,1.07,0,0,1-1,.07L30,30.07l-.23,0-1.33.38a.4.4,0,0,0-.24.49L29,33.59l-9.32-.42a.48.48,0,0,0-.41.62l1.63,2.62-.72,1.05a1.31,1.31,0,0,0,.66.79l5.09,1.87a1.59,1.59,0,0,1,.73.76l1.51,6,1.76,3.46L28.34,50l-2,8.24a.83.83,0,0,0,.31.87l14.16,4.13a.68.68,0,0,0,.78-.36L44.5,60a1.44,1.44,0,0,1,1-.12l7.23,1a.88.88,0,0,0,.28,0l2.76-.27a1,1,0,0,0,.67-1.37L53.59,46.39l-2.22.75,4.82-6.07a2.38,2.38,0,0,0,.5-1L58,33.6a.6.6,0,0,0-.43-.7\"><\/path><path class=\"cls-4\" d=\"M64.85,26.34,42.72,16.89a3.58,3.58,0,0,0-2.87,0l-6.8,2.94v-.61a1,1,0,0,0-1-1H29.13a1,1,0,0,0-1,1V22L18,26.34a1.46,1.46,0,0,0-.76,1.89l.53,1.16a1.4,1.4,0,0,0,1.84.78l21.84-9.42,21.83,9.42a1.4,1.4,0,0,0,1.84-.78l.46-1.16a1.46,1.46,0,0,0-.76-1.89\"><\/path><path class=\"cls-2\" d=\"M39.45,33.65c-1.23-1.36-2.33-4.68-1-5.86s4.5.25,5.73,1.61a3.17,3.17,0,1,1-4.7,4.25\"><\/path><path class=\"cls-2\" d=\"M53.57,24.37c-.66-.18-.82,3.08-4.3,7.65-.72.94-3.64,4-6.05,4.17-4.56.22-6.31-2-8.84-5.32a17.51,17.51,0,0,0-2.79-3.24c-.63-.49-1-.3-1.18,0a1.05,1.05,0,0,0-.08.6,3.59,3.59,0,0,0,.31,1.28c.41.92,1.44,3,2.34,4.52,1.08,1.88,3.88,5,3.76,8.39S35.15,49.35,30,60.32c0,0-.8,1.81-.08,1.83,2,.07,8.31-12,9.37-12.37.88-.33,1.1.86,1.56,4.88s1.34,11.18,1.34,11.18.26,3,1,2.93,1.69-3.15,2-11.32c.23-5.75,0-8.81,0-10.49a13.52,13.52,0,0,1,.77-4.7A7.76,7.76,0,0,1,47,40.61,38,38,0,0,0,54,27.9c.54-1.86.7-3.22-.41-3.53\"><\/path><\/svg>\t\t\t<\/div>\n\t\t<\/div>\n\t\t\t\t<\/div>\n\t\t\t\t<\/div>\n\t\t\t\t\t<\/div>\n\t\t<\/div>\n\t\t\t\t<div class=\"elementor-column elementor-col-66 elementor-top-column elementor-element elementor-element-600bf2aa\" data-id=\"600bf2aa\" data-element_type=\"column\">\n\t\t\t<div class=\"elementor-widget-wrap elementor-element-populated\">\n\t\t\t\t\t\t\t\t<div class=\"elementor-element elementor-element-488021f9 elementor-widget elementor-widget-text-editor\" data-id=\"488021f9\" data-element_type=\"widget\" data-widget_type=\"text-editor.default\">\n\t\t\t\t<div class=\"elementor-widget-container\">\n\t\t\t\t\t\t\t<p>Tourism was starting to develop and my parents, who saw all these holiday makers, wanted to sell their farm products: poultry, eggs, garden vegetables, milk from dairy production, but the product that made us known remains undoubtedly the \u201cCottage cheese\u201d molded in an aluminum heart and covered with a thick cr\u00e8me fra\u00eeche.<\/p><p>With the 3CV car, we crisscrossed all the campsites and the seasonal rentals in Erquy to sell our &#8220;flagship&#8221; product. This experience made us discover the beginnings of the tourism in Erquy. It is also undoubtedly thanks to this very enriching experience in human encounters that our parents decided in the 1980s and at the end of their professional career to open a campsite; also with the aim of having additional income for their retirement.<\/p><p>This new activity monopolized the entire family work force and I personally worked there for 8 years in the summer, along side my salaried activity.<\/p><p>With this tourist experience and when I inherited this beautiful land with sea view in 2001, it was quite natural that I decided to invest in a structure with gites to welcome the tourists also relying on the expertise of G\u00eetes de France.<\/p><p>The adventure begins in 2005 with the first 4 lodgings and then continues in 2007 with 2 other additional houses. The estate grew in 2010 with the last 4 lodgings and the covered and heated swimming pool allowing us to have a year-round activity.<\/p><p>In 2020, Daphne joined me to help me managing the business and allow me to get some free time.<\/p>\t\t\t\t\t\t<\/div>\n\t\t\t\t<\/div>\n\t\t\t\t\t<\/div>\n\t\t<\/div>\n\t\t\t\t\t\t\t<\/div>\n\t\t<\/section>\n\t\t\t\t\t\t\t<\/div>\n\t\t","protected":false},"excerpt":{"rendered":"<p>History of the Village by Fran\u00e7oise Rouxel My first experience in tourism dates back to the 1970s. I was 12 years old &#8230; My parents were farmers and breeders of dairy cows and pigs in the \u00ab village des h\u00f4pitaux \u00bb in Erquy. I was also born on the farm, a 100% made in breizh [&hellip;]<\/p>\n","protected":false},"author":1,"featured_media":0,"parent":0,"menu_order":0,"comment_status":"closed","ping_status":"closed","template":"elementor_header_footer","meta":{"inline_featured_image":false,"footnotes":""},"class_list":["post-6629","page","type-page","status-publish","hentry"],"yoast_head":"<!-- This site is optimized with the Yoast SEO plugin v21.2 - https:\/\/yoast.com\/wordpress\/plugins\/seo\/ -->\n<title>The cottages village - Les g\u00eetes du p\u00eacheur<\/title>\n<meta name=\"robots\" content=\"index, follow, max-snippet:-1, max-image-preview:large, max-video-preview:-1\" \/>\n<link rel=\"canonical\" href=\"https:\/\/www.gites-du-pecheur.com\/en\/the-cottages-village\/\" \/>\n<meta property=\"og:locale\" content=\"en_US\" \/>\n<meta property=\"og:type\" content=\"article\" \/>\n<meta property=\"og:title\" content=\"The cottages village - Les g\u00eetes du p\u00eacheur\" \/>\n<meta property=\"og:description\" content=\"History of the Village by Fran\u00e7oise Rouxel My first experience in tourism dates back to the 1970s. I was 12 years old &#8230; My parents were farmers and breeders of dairy cows and pigs in the \u00ab village des h\u00f4pitaux \u00bb in Erquy. I was also born on the farm, a 100% made in breizh [&hellip;]\" \/>\n<meta property=\"og:url\" content=\"https:\/\/www.gites-du-pecheur.com\/en\/the-cottages-village\/\" \/>\n<meta property=\"og:site_name\" content=\"Les g\u00eetes du p\u00eacheur\" \/>\n<meta property=\"article:publisher\" content=\"https:\/\/fr-fr.facebook.com\/lesgitesdupecheur\" \/>\n<meta property=\"article:modified_time\" content=\"2021-10-28T08:18:16+00:00\" \/>\n<meta property=\"og:image\" content=\"https:\/\/www.gites-du-pecheur.com\/wp-content\/uploads\/2021\/09\/vue-cap-frehel.jpg\" \/>\n<meta name=\"twitter:card\" content=\"summary_large_image\" \/>\n<script type=\"application\/ld+json\" class=\"yoast-schema-graph\">{\"@context\":\"https:\/\/schema.org\",\"@graph\":[{\"@type\":\"WebPage\",\"@id\":\"https:\/\/www.gites-du-pecheur.com\/en\/the-cottages-village\/\",\"url\":\"https:\/\/www.gites-du-pecheur.com\/en\/the-cottages-village\/\",\"name\":\"The cottages village - Les g\u00eetes du p\u00eacheur\",\"isPartOf\":{\"@id\":\"https:\/\/www.gites-du-pecheur.com\/fr\/#website\"},\"datePublished\":\"2021-09-06T13:54:08+00:00\",\"dateModified\":\"2021-10-28T08:18:16+00:00\",\"breadcrumb\":{\"@id\":\"https:\/\/www.gites-du-pecheur.com\/en\/the-cottages-village\/#breadcrumb\"},\"inLanguage\":\"en-US\",\"potentialAction\":[{\"@type\":\"ReadAction\",\"target\":[\"https:\/\/www.gites-du-pecheur.com\/en\/the-cottages-village\/\"]}]},{\"@type\":\"BreadcrumbList\",\"@id\":\"https:\/\/www.gites-du-pecheur.com\/en\/the-cottages-village\/#breadcrumb\",\"itemListElement\":[{\"@type\":\"ListItem\",\"position\":1,\"name\":\"Accueil\",\"item\":\"https:\/\/www.gites-du-pecheur.com\/en\/\"},{\"@type\":\"ListItem\",\"position\":2,\"name\":\"The cottages village\"}]},{\"@type\":\"WebSite\",\"@id\":\"https:\/\/www.gites-du-pecheur.com\/fr\/#website\",\"url\":\"https:\/\/www.gites-du-pecheur.com\/fr\/\",\"name\":\"Les g\u00eetes du p\u00eacheur\",\"description\":\"Location de g\u00eetes en bord de mer \u00e0 Erquy - piscine chauff\u00e9e - sauna - Bretagne\",\"publisher\":{\"@id\":\"https:\/\/www.gites-du-pecheur.com\/fr\/#organization\"},\"potentialAction\":[{\"@type\":\"SearchAction\",\"target\":{\"@type\":\"EntryPoint\",\"urlTemplate\":\"https:\/\/www.gites-du-pecheur.com\/fr\/?s={search_term_string}\"},\"query-input\":\"required name=search_term_string\"}],\"inLanguage\":\"en-US\"},{\"@type\":\"Organization\",\"@id\":\"https:\/\/www.gites-du-pecheur.com\/fr\/#organization\",\"name\":\"G\u00eetes du p\u00eacheur\",\"url\":\"https:\/\/www.gites-du-pecheur.com\/fr\/\",\"logo\":{\"@type\":\"ImageObject\",\"inLanguage\":\"en-US\",\"@id\":\"https:\/\/www.gites-du-pecheur.com\/fr\/#\/schema\/logo\/image\/\",\"url\":\"https:\/\/www.gites-du-pecheur.com\/wp-content\/uploads\/2021\/05\/logo-gites-du-pecheur.svg\",\"contentUrl\":\"https:\/\/www.gites-du-pecheur.com\/wp-content\/uploads\/2021\/05\/logo-gites-du-pecheur.svg\",\"width\":1,\"height\":1,\"caption\":\"G\u00eetes du p\u00eacheur\"},\"image\":{\"@id\":\"https:\/\/www.gites-du-pecheur.com\/fr\/#\/schema\/logo\/image\/\"},\"sameAs\":[\"https:\/\/fr-fr.facebook.com\/lesgitesdupecheur\",\"https:\/\/www.instagram.com\/lesgitesdupecheur\/\"]}]}<\/script>\n<!-- \/ Yoast SEO plugin. -->","yoast_head_json":{"title":"The cottages village - Les g\u00eetes du p\u00eacheur","robots":{"index":"index","follow":"follow","max-snippet":"max-snippet:-1","max-image-preview":"max-image-preview:large","max-video-preview":"max-video-preview:-1"},"canonical":"https:\/\/www.gites-du-pecheur.com\/en\/the-cottages-village\/","og_locale":"en_US","og_type":"article","og_title":"The cottages village - Les g\u00eetes du p\u00eacheur","og_description":"History of the Village by Fran\u00e7oise Rouxel My first experience in tourism dates back to the 1970s. I was 12 years old &#8230; My parents were farmers and breeders of dairy cows and pigs in the \u00ab village des h\u00f4pitaux \u00bb in Erquy. I was also born on the farm, a 100% made in breizh [&hellip;]","og_url":"https:\/\/www.gites-du-pecheur.com\/en\/the-cottages-village\/","og_site_name":"Les g\u00eetes du p\u00eacheur","article_publisher":"https:\/\/fr-fr.facebook.com\/lesgitesdupecheur","article_modified_time":"2021-10-28T08:18:16+00:00","og_image":[{"url":"https:\/\/www.gites-du-pecheur.com\/wp-content\/uploads\/2021\/09\/vue-cap-frehel.jpg"}],"twitter_card":"summary_large_image","schema":{"@context":"https:\/\/schema.org","@graph":[{"@type":"WebPage","@id":"https:\/\/www.gites-du-pecheur.com\/en\/the-cottages-village\/","url":"https:\/\/www.gites-du-pecheur.com\/en\/the-cottages-village\/","name":"The cottages village - Les g\u00eetes du p\u00eacheur","isPartOf":{"@id":"https:\/\/www.gites-du-pecheur.com\/fr\/#website"},"datePublished":"2021-09-06T13:54:08+00:00","dateModified":"2021-10-28T08:18:16+00:00","breadcrumb":{"@id":"https:\/\/www.gites-du-pecheur.com\/en\/the-cottages-village\/#breadcrumb"},"inLanguage":"en-US","potentialAction":[{"@type":"ReadAction","target":["https:\/\/www.gites-du-pecheur.com\/en\/the-cottages-village\/"]}]},{"@type":"BreadcrumbList","@id":"https:\/\/www.gites-du-pecheur.com\/en\/the-cottages-village\/#breadcrumb","itemListElement":[{"@type":"ListItem","position":1,"name":"Accueil","item":"https:\/\/www.gites-du-pecheur.com\/en\/"},{"@type":"ListItem","position":2,"name":"The cottages village"}]},{"@type":"WebSite","@id":"https:\/\/www.gites-du-pecheur.com\/fr\/#website","url":"https:\/\/www.gites-du-pecheur.com\/fr\/","name":"Les g\u00eetes du p\u00eacheur","description":"Location de g\u00eetes en bord de mer \u00e0 Erquy - piscine chauff\u00e9e - sauna - Bretagne","publisher":{"@id":"https:\/\/www.gites-du-pecheur.com\/fr\/#organization"},"potentialAction":[{"@type":"SearchAction","target":{"@type":"EntryPoint","urlTemplate":"https:\/\/www.gites-du-pecheur.com\/fr\/?s={search_term_string}"},"query-input":"required name=search_term_string"}],"inLanguage":"en-US"},{"@type":"Organization","@id":"https:\/\/www.gites-du-pecheur.com\/fr\/#organization","name":"G\u00eetes du p\u00eacheur","url":"https:\/\/www.gites-du-pecheur.com\/fr\/","logo":{"@type":"ImageObject","inLanguage":"en-US","@id":"https:\/\/www.gites-du-pecheur.com\/fr\/#\/schema\/logo\/image\/","url":"https:\/\/www.gites-du-pecheur.com\/wp-content\/uploads\/2021\/05\/logo-gites-du-pecheur.svg","contentUrl":"https:\/\/www.gites-du-pecheur.com\/wp-content\/uploads\/2021\/05\/logo-gites-du-pecheur.svg","width":1,"height":1,"caption":"G\u00eetes du p\u00eacheur"},"image":{"@id":"https:\/\/www.gites-du-pecheur.com\/fr\/#\/schema\/logo\/image\/"},"sameAs":["https:\/\/fr-fr.facebook.com\/lesgitesdupecheur","https:\/\/www.instagram.com\/lesgitesdupecheur\/"]}]}},"_links":{"self":[{"href":"https:\/\/www.gites-du-pecheur.com\/en\/wp-json\/wp\/v2\/pages\/6629","targetHints":{"allow":["GET"]}}],"collection":[{"href":"https:\/\/www.gites-du-pecheur.com\/en\/wp-json\/wp\/v2\/pages"}],"about":[{"href":"https:\/\/www.gites-du-pecheur.com\/en\/wp-json\/wp\/v2\/types\/page"}],"author":[{"embeddable":true,"href":"https:\/\/www.gites-du-pecheur.com\/en\/wp-json\/wp\/v2\/users\/1"}],"replies":[{"embeddable":true,"href":"https:\/\/www.gites-du-pecheur.com\/en\/wp-json\/wp\/v2\/comments?post=6629"}],"version-history":[{"count":9,"href":"https:\/\/www.gites-du-pecheur.com\/en\/wp-json\/wp\/v2\/pages\/6629\/revisions"}],"predecessor-version":[{"id":7227,"href":"https:\/\/www.gites-du-pecheur.com\/en\/wp-json\/wp\/v2\/pages\/6629\/revisions\/7227"}],"wp:attachment":[{"href":"https:\/\/www.gites-du-pecheur.com\/en\/wp-json\/wp\/v2\/media?parent=6629"}],"curies":[{"name":"wp","href":"https:\/\/api.w.org\/{rel}","templated":true}]}}